{"id":362,"date":"2022-11-08T10:31:12","date_gmt":"2022-11-08T10:31:12","guid":{"rendered":"http:\/\/itsallaboutimage.co.uk\/?page_id=362"},"modified":"2026-01-26T11:30:39","modified_gmt":"2026-01-26T11:30:39","slug":"home","status":"publish","type":"page","link":"https:\/\/itsallaboutimage.co.uk\/pl\/","title":{"rendered":"Strona G\u0142\u00f3wna"},"content":{"rendered":"\n<div class=\"wp-block-group hp-top-block is-layout-flow wp-block-group-is-layout-flow\">\n<div class=\"wp-block-group container is-layout-flow wp-block-group-is-layout-flow\">\n<div class=\"wp-block-group is-layout-flow wp-block-group-is-layout-flow\">\t<section class=\"slider-area\"><input id=\"metaslider_data\" type=\"hidden\" slider-id=\"header\" data-arrows=\"1\" data-slideshowSpeed=\"6000\" data-animation=\"fade\" data-controlNav=\"0\" data-direction=\"horizontal\" data-slideshow=\"1\">\n\t\t<div class=\"main-slider product__slider-main\">\n\t\t\t\t\t\t\t\t\t\t\t\t<div class=\"item image\" title=\"Slide 1\">\n\t\t\t\t\t\t<figure>\n\t\t\t\t\t\t\t\t\t\t\t\t\t\t\t<div class=\"slide-image slide-media\" style=\"background-image:url('https:\/\/itsallaboutimage.co.uk\/wp-content\/uploads\/2022\/11\/slide-book-pl.webp');\">\n\t\t\t\t\t\t\t\t\t<img data-lazy=\"https:\/\/itsallaboutimage.co.uk\/wp-content\/uploads\/2022\/11\/slide-book-pl.webp\" alt=\"Slide\" class=\"image-entity\" width=\"1137\" height=\"1012\" \/>\n\t\t\t\t\t\t\t\t<\/div>\n\t\t\t\t\t\t\t\t\t\t\t\t\t<\/figure>\n\t\t\t\t\t\t\t\t\t\t\t<\/div>\n\t\t\t\t\t\t\t\t\t\t\t\t\t<\/div>\n\t\t\t<\/section>\n\t\t\n\n\n\n<div class=\"wp-block-group has-original-background-color has-background hp-top-block_content-block is-layout-flow wp-block-group-is-layout-flow\">\n<div class=\"wp-block-group is-layout-flow wp-block-group-is-layout-flow\">\n<p class=\"has-text-align-center quote-text\">It\u2019s all about Image jest moj\u0105 odpowiedzi\u0105 na szalej\u0105ce w dzisiejszym \u015bwiecie modowe trendy, kt\u00f3re pozornie zrozumia\u0142e cz\u0119sto powoduj\u0105 nasze zagubienie i frustracj\u0119.<\/p>\n\n\n\n<figure class=\"wp-block-image aligncenter size-full is-resized is-style-rounded\"><img loading=\"lazy\" decoding=\"async\" width=\"244\" height=\"244\" src=\"http:\/\/itsallaboutimage.co.uk\/wp-content\/uploads\/2022\/11\/Agnieszka-Dyszlewska.webp\" alt=\"Agnieszka Dyszlewska\" class=\"wp-image-38\" style=\"width:244px\"\/><\/figure>\n\n\n\n<h5 class=\"wp-block-heading has-text-align-center\">Agnieszka Dyszlewska<\/h5>\n\n\n\n<p class=\"has-text-align-center\">Specjalista d\/s wizerunku<br>osobistego i profesionalnego<\/p>\n<\/div>\n<\/div>\n<\/div>\n<\/div>\n<\/div>\n\n\n\n<div class=\"wp-block-group section-style-me-confident is-layout-flow wp-block-group-is-layout-flow\">\n<div class=\"wp-block-group container is-layout-flow wp-block-group-is-layout-flow\">\n<div class=\"wp-block-columns is-layout-flex wp-container-core-columns-is-layout-9d6595d7 wp-block-columns-is-layout-flex\">\n<div class=\"wp-block-column is-layout-flow wp-block-column-is-layout-flow\">\n<div class=\"wp-block-group item-style-me is-layout-flow wp-block-group-is-layout-flow\">\n<figure class=\"wp-block-image aligncenter size-full\"><a href=\"http:\/\/itsallaboutimage.co.uk\/pl\/sztuka-ubioru\/\"><img loading=\"lazy\" decoding=\"async\" width=\"541\" height=\"279\" src=\"http:\/\/itsallaboutimage.co.uk\/wp-content\/uploads\/2022\/11\/Style-Me-Confident.webp\" alt=\"Style Me Confident\" class=\"wp-image-62\"\/><\/a><\/figure>\n\n\n\n<h3 class=\"wp-block-heading has-text-align-center\"><a href=\"http:\/\/itsallaboutimage.co.uk\/pl\/sztuka-ubioru\/\" data-type=\"page\" data-id=\"57\"><\/a><a href=\"https:\/\/www.itsallaboutimage.eu\/sztuka-ubioru\/\">Sztuka Ubioru<\/a><\/h3>\n\n\n\n<p class=\"has-text-align-center\">Chcia\u0142abym odzyska\u0107 poczucie pewno\u015bci siebie\u2026 Chcia\u0142abym si\u0119 &nbsp;nauczy\u0107 jak wygl\u0105da\u0107 dobrze\u2026 Chcia\u0142abym si\u0119 &nbsp;poczu\u0107 kobieco\u2026 Chcia\u0142abym si\u0119 umie\u0107 ubra\u0107 odpowiednio do ka\u017cdej okazji\u2026 Kupuj\u0119 i dalej nie mam w co si\u0119 ubra\u0107\u2026 To s\u0105 najcz\u0119\u015bciej pojawiaj\u0105ce si\u0119&nbsp; motywy kobiet, kt\u00f3re zwracaj\u0105 si\u0119 o pomoc do mnie. Lista potrzeb jest zwykle o wiele d\u0142u\u017csza jednak te\u2026<\/p>\n\n\n\n<div style=\"height:20px\" aria-hidden=\"true\" class=\"wp-block-spacer\"><\/div>\n\n\n\n<p class=\"has-text-align-center\"><a href=\"http:\/\/itsallaboutimage.co.uk\/pl\/sztuka-ubioru\/\" data-type=\"page\" data-id=\"57\">czytaj wi\u0119cej<\/a><\/p>\n<\/div>\n<\/div>\n\n\n\n<div class=\"wp-block-column is-layout-flow wp-block-column-is-layout-flow\">\n<div class=\"wp-block-group item-style-me is-layout-flow wp-block-group-is-layout-flow\">\n<figure class=\"wp-block-image aligncenter size-full\"><a href=\"http:\/\/itsallaboutimage.co.uk\/pl\/style-me-confident-online\/\"><img loading=\"lazy\" decoding=\"async\" width=\"541\" height=\"279\" src=\"http:\/\/itsallaboutimage.co.uk\/wp-content\/uploads\/2022\/11\/Style-Me-Confident-\u2013-Online.webp\" alt=\"Style Me Confident \u2013 Online\" class=\"wp-image-63\"\/><\/a><\/figure>\n\n\n\n<h3 class=\"wp-block-heading has-text-align-center\">Zobaczy\u0107 Siebie w Sztuce Ubioru<\/h3>\n\n\n\n<p class=\"has-text-align-center\">Maj\u0105c na uwadze holistyczne podej\u015bcie do Sztuki Ubioru stworzy\u0142am unikatowe warsztaty skierowane do kobiet, kt\u00f3rym warto\u015bci chrze\u015bcija\u0144skie s\u0105 bliskie sercu. Wizerunek osobisty i profesjonalny to nie tylko umiej\u0119tno\u015b\u0107 doboru stroju tak, aby podkre\u015bla\u0142 profesjonalizm i merytoryk\u0119, ale to r\u00f3wnie\u017c sztuka warta nabycia, po to aby czu\u0107 si\u0119 na tyle wygodnie, by nic nie zak\u0142\u00f3ca\u0142o informacji, kt\u00f3re chcesz przekaza\u0107 s\u0142uchaczom.<\/p>\n\n\n\n<div style=\"height:20px\" aria-hidden=\"true\" class=\"wp-block-spacer\"><\/div>\n\n\n\n<p class=\"has-text-align-center\"><a href=\"http:\/\/itsallaboutimage.co.uk\/pl\/style-me-confident-online\/\" data-type=\"page\" data-id=\"59\">czytaj wi\u0119cej<\/a><\/p>\n<\/div>\n<\/div>\n<\/div>\n<\/div>\n<\/div>\n\n\n\n<div class=\"wp-block-group has-background section-testimonials is-layout-flow wp-block-group-is-layout-flow\" style=\"background-color:#a398c7\">\n<div class=\"wp-block-group container is-layout-flow wp-block-group-is-layout-flow\">    <div id=\"projectTestimonials\">\r\n        <div class=\"testimonials-carousel\">\r\n                            <div class=\"item-testimonial\">\r\n                    <div class=\"wrapper\">\r\n                                                        <div class=\"testi-thumbnail\">\r\n                                    <img loading=\"lazy\" decoding=\"async\" src=\"https:\/\/itsallaboutimage.co.uk\/wp-content\/uploads\/2022\/11\/milena-sharma.webp\" alt=\"Milena Sharma\" width=\"166\" height=\"166\">\r\n                                <\/div>\r\n                                                    <div class=\"content-wrapper\">\r\n                            <div class=\"author\">\r\n                                Milena Sharma                            <\/div>\r\n                            <div class=\"content\">\r\n                                <p>Agnieszka jest superprofesjonalna a\u017c do najmniejszego detalu a zarazem subtelna i delikatna w sugerowaniu w\u0142a\u015bciwego wyboru.<\/p>\n                            <\/div>\r\n                        <\/div>\r\n\r\n                    <\/div>\r\n                <\/div>\r\n                            <div class=\"item-testimonial\">\r\n                    <div class=\"wrapper\">\r\n                                                        <div class=\"testi-thumbnail\">\r\n                                    <img loading=\"lazy\" decoding=\"async\" src=\"https:\/\/itsallaboutimage.co.uk\/wp-content\/uploads\/2022\/11\/anna.jpg\" alt=\"Anna Pietrus\" width=\"166\" height=\"166\">\r\n                                <\/div>\r\n                                                    <div class=\"content-wrapper\">\r\n                            <div class=\"author\">\r\n                                Anna Pietrus                            <\/div>\r\n                            <div class=\"content\">\r\n                                <p>Dzi\u0119ki poradom Agnieszki wysz\u0142am ze swojej strefy komfortu &#8211; bieli i czerni, a wn\u0119trze mojej szafy nabra\u0142o kolor\u00f3w. Agnieszka nauczy\u0142a mnie jak wielkie znaczenie maja odpowiednio dobrane do urody kolory i jak pi\u0119knie potrafi\u0105 ja podre\u015bli\u0107.<\/p>\n                            <\/div>\r\n                        <\/div>\r\n\r\n                    <\/div>\r\n                <\/div>\r\n                    <\/div>\r\n    <\/div>\r\n\n\n\n\n<div class=\"wp-block-group is-layout-constrained wp-container-core-group-is-layout-094a7bb8 wp-block-group-is-layout-constrained advgb-dyn-f2a6aa86\">\n<p class=\"more has-white-color has-text-color\" style=\"text-transform:uppercase\"><a href=\"http:\/\/itsallaboutimage.co.uk\/pl\/opinie\/\" data-type=\"page\" data-id=\"13\">wi\u0119cej opinie<\/a><\/p>\n<\/div>\n<\/div>\n<\/div>\n\n\n\n<div class=\"wp-block-group section-blog is-layout-flow wp-block-group-is-layout-flow\">\n<div class=\"wp-block-group container is-layout-flow wp-block-group-is-layout-flow\">\n<h2 class=\"wp-block-heading has-text-align-center with-devider\">Wpisy<\/h2>\n\n\n<div class=\"advgb-recent-posts-block grid-view columns-3 recent-posts-7ff473c8-213e-4022-b8bd-fe8f74497f2b\"><div class=\"advgb-recent-posts\"><article class=\"advgb-recent-post\"><div class=\"advgb-post-thumbnail\"><a href=\"https:\/\/itsallaboutimage.co.uk\/pl\/doswiadczenie-agnieszki-ze-sztuka-ubioru\/\"><img loading=\"lazy\" decoding=\"async\" width=\"1158\" height=\"665\" src=\"https:\/\/itsallaboutimage.co.uk\/wp-content\/uploads\/2023\/12\/na-featured-4.jpg\" class=\"attachment-large size-large\" alt=\"\" \/><\/a><\/div><div class=\"advgb-post-wrapper\"><h2 class=\"advgb-post-title\"><a href=\"https:\/\/itsallaboutimage.co.uk\/pl\/doswiadczenie-agnieszki-ze-sztuka-ubioru\/\">Do\u015bwiadczenie Agnieszki ze Sztuk\u0105 Ubioru<\/a><\/h2><div class=\"advgb-post-content\"><div class=\"advgb-post-excerpt\">Kolorowy ptak, pe\u0142na pasji, entuzjazmu, odwa\u017cna, ciekawa \u015bwiata i ludzi, podr\u00f3\u017cniczka, nie boi si\u0119 wyzwa\u0144 jakie zsy\u0142a jej \u017cycie, kobieta przedsi\u0119biorcza, mama Natalii \u2013 tak w kilku s\u0142owach mo\u017cna opisa\u0107 Agnieszk\u0119. Nieca\u0142e 18 miesi\u0119cy temu Agnieszka zdecydowa\u0142a si\u0119 na wsp\u00f3\u0142prac\u0119 ze mn\u0105 w przestrzeni S<\/div><div class=\"advgb-post-readmore\"><a href=\"https:\/\/itsallaboutimage.co.uk\/pl\/doswiadczenie-agnieszki-ze-sztuka-ubioru\/\">czytaj dalej<\/a><\/div><\/div><\/div><\/article><article class=\"advgb-recent-post\"><div class=\"advgb-post-thumbnail\"><a href=\"https:\/\/itsallaboutimage.co.uk\/pl\/laczy-nas-piekno-a-nie-dzieli-zazdrosc-swiadectwo-mileny\/\"><img loading=\"lazy\" decoding=\"async\" width=\"397\" height=\"332\" src=\"https:\/\/itsallaboutimage.co.uk\/wp-content\/uploads\/2022\/11\/Beauty-for-ashes-\u2013-Milenas-testimoniala.webp\" class=\"attachment-large size-large\" alt=\"\u0141\u0105czy Nas Pi\u0119kno\" \/><\/a><\/div><div class=\"advgb-post-wrapper\"><h2 class=\"advgb-post-title\"><a href=\"https:\/\/itsallaboutimage.co.uk\/pl\/laczy-nas-piekno-a-nie-dzieli-zazdrosc-swiadectwo-mileny\/\">\u0141\u0105czy Nas Pi\u0119kno A Nie Dzieli Zazdro\u015b\u0107 \u2013 \u015awiadectwo Mileny<\/a><\/h2><div class=\"advgb-post-content\"><div class=\"advgb-post-excerpt\">Ciep\u0142e wrze\u015bniowe popo\u0142udnie. Siedz\u0119 w kuchni przy du\u017cym drewnianym stole pij\u0105c herbat\u0119 i podgryzaj\u0105c warzywne przek\u0105ski przygotowane przez radosn\u0105 i u\u015bmiechni\u0119t\u0105 m\u0142od\u0105 kobiet\u0119, \u017con\u0119 i mam\u0119 trzech wspania\u0142ych syn\u00f3w. Ubrana w b\u0142\u0119kitny top na szerokich rami\u0105czkach, kt\u00f3ry doskonale harmonizuje si\u0119 z ci<\/div><div class=\"advgb-post-readmore\"><a href=\"https:\/\/itsallaboutimage.co.uk\/pl\/laczy-nas-piekno-a-nie-dzieli-zazdrosc-swiadectwo-mileny\/\">czytaj dalej<\/a><\/div><\/div><\/div><\/article><article class=\"advgb-recent-post\"><div class=\"advgb-post-thumbnail\"><a href=\"https:\/\/itsallaboutimage.co.uk\/pl\/stylowe-lata-70\/\"><img loading=\"lazy\" decoding=\"async\" width=\"397\" height=\"332\" src=\"https:\/\/itsallaboutimage.co.uk\/wp-content\/uploads\/2022\/11\/Stylish-70s-\u2013-mum-\u2013-in-law.webp\" class=\"attachment-large size-large\" alt=\"Stylish 70s \u2013 mum \u2013 in -law\" \/><\/a><\/div><div class=\"advgb-post-wrapper\"><h2 class=\"advgb-post-title\"><a href=\"https:\/\/itsallaboutimage.co.uk\/pl\/stylowe-lata-70\/\">Stylowe Lata 70<\/a><\/h2><div class=\"advgb-post-content\"><div class=\"advgb-post-excerpt\">Cho\u0107 tytu\u0142 \u00a0mo\u017ce sugerowa\u0107 tematyk\u0119 zwi\u0105zan\u0105 z mod\u0105 i stylem obowi\u0105zuj\u0105cym w latach 70-tych XX wieku nic a nic nie ma z \u00f3wczesn\u0105 mod\u0105 wsp\u00f3lnego\u2026 cho\u0107 mo\u017ce nie do ko\u0144ca. Postanowi\u0142am troch\u0119 jeszcze pozosta\u0107 w klimacie zainicjowanym poprzednim wpisem i pokaza\u0107 Wam kolejn\u0105 kobiet\u0119 i jej spojrzenie na t<\/div><div class=\"advgb-post-readmore\"><a href=\"https:\/\/itsallaboutimage.co.uk\/pl\/stylowe-lata-70\/\">czytaj dalej<\/a><\/div><\/div><\/div><\/article><\/div><\/div>\n\n\n<div style=\"height:50px\" aria-hidden=\"true\" class=\"wp-block-spacer\"><\/div>\n\n\n\n<div class=\"wp-block-buttons is-content-justification-center is-layout-flex wp-container-core-buttons-is-layout-16018d1d wp-block-buttons-is-layout-flex\">\n<div class=\"wp-block-button is-style-outline is-style-outline--1\"><a class=\"wp-block-button__link wp-element-button\" href=\"http:\/\/itsallaboutimage.co.uk\/pl\/wpisy\/\">czytaj wi\u0119cej wpis\u00f3w<\/a><\/div>\n<\/div>\n<\/div>\n<\/div>\n","protected":false},"excerpt":{"rendered":"<p>It\u2019s all about Image jest moj\u0105 odpowiedzi\u0105 na szalej\u0105ce w dzisiejszym \u015bwiecie modowe trendy, kt\u00f3re pozornie zrozumia\u0142e cz\u0119sto powoduj\u0105 nasze zagubienie i frustracj\u0119. Agnieszka Dyszlewska Specjalista d\/s wizerunkuosobistego i profesionalnego Sztuka Ubioru Chcia\u0142abym odzyska\u0107 poczucie pewno\u015bci siebie\u2026 Chcia\u0142abym si\u0119 &nbsp;nauczy\u0107 jak wygl\u0105da\u0107 dobrze\u2026 Chcia\u0142abym si\u0119 &nbsp;poczu\u0107 kobieco\u2026 Chcia\u0142abym si\u0119 umie\u0107 ubra\u0107 odpowiednio do ka\u017cdej okazji\u2026&#8230;<\/p>\n","protected":false},"author":1,"featured_media":148,"parent":0,"menu_order":0,"comment_status":"closed","ping_status":"closed","template":"","meta":{"advgb_blocks_editor_width":"","advgb_blocks_columns_visual_guide":"","footnotes":""},"class_list":["post-362","page","type-page","status-publish","has-post-thumbnail","hentry"],"coauthors":[],"author_meta":{"author_link":"https:\/\/itsallaboutimage.co.uk\/pl\/author\/iaai-admin\/","display_name":"Agnes Dyszlewska"},"relative_dates":{"created":"Posted 3 lata ago","modified":"Updated 2 miesi\u0105ce ago"},"absolute_dates":{"created":"Posted on 8 listopada, 2022","modified":"Updated on 26 stycznia, 2026"},"absolute_dates_time":{"created":"Posted on 8 listopada, 2022 10:31 am","modified":"Updated on 26 stycznia, 2026 11:30 am"},"featured_img_caption":"","featured_img":"https:\/\/itsallaboutimage.co.uk\/wp-content\/uploads\/2022\/11\/its-all-about-image-825x510.webp","series_order":"","_links":{"self":[{"href":"https:\/\/itsallaboutimage.co.uk\/pl\/wp-json\/wp\/v2\/pages\/362","targetHints":{"allow":["GET"]}}],"collection":[{"href":"https:\/\/itsallaboutimage.co.uk\/pl\/wp-json\/wp\/v2\/pages"}],"about":[{"href":"https:\/\/itsallaboutimage.co.uk\/pl\/wp-json\/wp\/v2\/types\/page"}],"author":[{"embeddable":true,"href":"https:\/\/itsallaboutimage.co.uk\/pl\/wp-json\/wp\/v2\/users\/1"}],"replies":[{"embeddable":true,"href":"https:\/\/itsallaboutimage.co.uk\/pl\/wp-json\/wp\/v2\/comments?post=362"}],"version-history":[{"count":15,"href":"https:\/\/itsallaboutimage.co.uk\/pl\/wp-json\/wp\/v2\/pages\/362\/revisions"}],"predecessor-version":[{"id":712,"href":"https:\/\/itsallaboutimage.co.uk\/pl\/wp-json\/wp\/v2\/pages\/362\/revisions\/712"}],"wp:featuredmedia":[{"embeddable":true,"href":"https:\/\/itsallaboutimage.co.uk\/pl\/wp-json\/wp\/v2\/media\/148"}],"wp:attachment":[{"href":"https:\/\/itsallaboutimage.co.uk\/pl\/wp-json\/wp\/v2\/media?parent=362"}],"curies":[{"name":"wp","href":"https:\/\/api.w.org\/{rel}","templated":true}]}}