{"id":352,"date":"2022-11-08T10:31:39","date_gmt":"2022-11-08T10:31:39","guid":{"rendered":"http:\/\/itsallaboutimage.co.uk\/?page_id=352"},"modified":"2023-01-10T13:44:41","modified_gmt":"2023-01-10T13:44:41","slug":"o-mnie","status":"publish","type":"page","link":"https:\/\/itsallaboutimage.co.uk\/pl\/o-mnie\/","title":{"rendered":"O Mnie"},"content":{"rendered":"\n<div class=\"wp-block-columns is-layout-flex wp-container-core-columns-is-layout-9d6595d7 wp-block-columns-is-layout-flex\">\n<div class=\"wp-block-column is-layout-flow wp-block-column-is-layout-flow\" style=\"flex-basis:33.33%\">\n<figure class=\"wp-block-image aligncenter size-full is-style-rounded\"><img loading=\"lazy\" decoding=\"async\" width=\"244\" height=\"244\" src=\"http:\/\/itsallaboutimage.co.uk\/wp-content\/uploads\/2022\/11\/Agnieszka-Dyszlewska.webp\" alt=\"\" class=\"wp-image-150\"\/><\/figure>\n<\/div>\n\n\n\n<div class=\"wp-block-column is-layout-flow wp-block-column-is-layout-flow\" style=\"flex-basis:66.66%\">\n<p><em>Ile razy zastanawia\u0142a\u015b si\u0119 jak odnale\u017a\u0107 si\u0119 w labiryncie \u201eidealnych\u201d&nbsp;&nbsp; sylwetek, trend\u00f3w czy dress \u2013 code\u2019\u00f3w?<\/em><\/p>\n\n\n\n<p><em>By\u0107 mo\u017ce, \u015bledzisz od dawna najnowsze modowe wytyczne a mimo to nadal nie wiesz co z tego&nbsp; Ci si\u0119 podoba, pasuje do Ciebie i Twojego stylu \u017cycia\u2026<\/em><\/p>\n\n\n\n<p><em>Mo\u017ce ca\u0142e \u017cycie d\u0105\u017cysz do rozmiaru \u201e0\u201d i nawet je\u015bli go \u201emasz\u201d to utrzymanie wagi jest obarczone mas\u0105 wyrzecze\u0144, frustracji, smutku i zm\u0119czenia\u2026<\/em><\/p>\n\n\n\n<p><em>Ile ubra\u0144 wisz\u0105cych w Twojej szafie mia\u0142a\u015b na sobie ostatni raz 2, 3 lub 5 lat temu? Ile z nich czeka na \u201eschudni\u0119cie\u201d czy \u201elepsz\u0105 okazj\u0119\u201d?<\/em><\/p>\n\n\n\n<p><em>A mo\u017ce kupujesz wiele kolorowych ubra\u0144 a i tak na co dzie\u0144 wyci\u0105gasz z szafy bezpieczn\u0105 czer\u0144 lub szaro\u015b\u0107?<\/em><\/p>\n<\/div>\n<\/div>\n\n\n\n<p>Sama przez d\u0142ugie lata boryka\u0142am si\u0119 z tymi i mn\u00f3stwem innych pyta\u0144.<\/p>\n\n\n\n<p>Owocem moich do\u015bwiadcze\u0144, poszukiwa\u0144, rozterek ale przede wszystkim determinacji, aby znale\u017a\u0107 ten enigmatyczny \u201cz\u0142oty \u015brodek\u201d na ka\u017cd\u0105 moj\u0105 wizerunkow\u0105 bol\u0105czk\u0119 sta\u0142 si\u0119 Image Consulting realizowany w przestrzeni It\u2019s all about Image.<\/p>\n\n\n\n<hr class=\"wp-block-separator has-alpha-channel-opacity\"\/>\n\n\n\n<p class=\"has-text-align-center has-medium-font-size\"><em>&nbsp;<strong>It\u2019s all about Image<\/strong>&nbsp;jest moj\u0105 odpowiedzi\u0105 na szalej\u0105ce w dzisiejszym \u015bwiecie modowe trendy, kt\u00f3re pozornie zrozumia\u0142e cz\u0119sto powoduj\u0105 nasze zagubienie i frustracj\u0119.&nbsp;&nbsp;<\/em><\/p>\n\n\n\n<hr class=\"wp-block-separator has-alpha-channel-opacity\"\/>\n\n\n\n<h2 class=\"wp-block-heading\">Image rozumiem jako:<\/h2>\n\n\n\n<ul class=\"wp-block-list\">\n<li>r\u00f3\u017cnorodno\u015b\u0107 do\u015bwiadcze\u0144, kt\u00f3re kszta\u0142tuj\u0105 i k\u0142ad\u0105 \u015blady w \u017cyciu<\/li>\n\n\n\n<li>styl odzwierciedlaj\u0105cy natur\u0119 i ducha<\/li>\n\n\n\n<li>rado\u015b\u0107, kt\u00f3r\u0105 mo\u017cemy czerpa\u0107 z ka\u017cdego dnia<\/li>\n\n\n\n<li>przede wszystkim Ciebie \u2013 kobiet\u0119, kt\u00f3rej wn\u0119trze chcia\u0142abym us\u0142ysze\u0107 i zobaczy\u0107, po to aby\u015b swobodnie i pewnie mog\u0142a wyra\u017ca\u0107 na co dzie\u0144 to kim jeste\u015b i&nbsp; jaka jeste\u015b<\/li>\n<\/ul>\n\n\n\n<p><em>Tak jak It\u2019s all about Image odzwierciedla r\u00f3\u017cnorodno\u015b\u0107 natury kobiecej tak moja historia osobisto \u2013 zawodowa odzwierciedla r\u00f3\u017cnorodne do\u015bwiadczenia, dzi\u0119ki kt\u00f3rym s\u0142uchaj\u0105c Twojej historii, reaguj\u0119 adekwatnymi narz\u0119dziami i propozycjami.<\/em><\/p>\n\n\n\n<hr class=\"wp-block-separator has-alpha-channel-opacity\"\/>\n\n\n\n<div class=\"wp-block-columns is-layout-flex wp-container-core-columns-is-layout-9d6595d7 wp-block-columns-is-layout-flex\">\n<div class=\"wp-block-column is-layout-flow wp-block-column-is-layout-flow\" style=\"flex-basis:33.33%\">\n<figure class=\"wp-block-image aligncenter size-full is-resized\"><img loading=\"lazy\" decoding=\"async\" src=\"http:\/\/itsallaboutimage.co.uk\/wp-content\/uploads\/2022\/11\/o-mnie-xxx.png\" alt=\"\" class=\"wp-image-396\" width=\"358\" height=\"358\"\/><\/figure>\n<\/div>\n\n\n\n<div class=\"wp-block-column is-layout-flow wp-block-column-is-layout-flow\" style=\"flex-basis:66.66%\">\n<h2 class=\"wp-block-heading\">O mnie osobi\u015bcie:<\/h2>\n\n\n\n<p>Odk\u0105d pami\u0119tam by\u0142am \u201efemme extreme\u201d&nbsp; czyli osob\u0105, kt\u00f3ra wpada\u0142a z jednej skrajno\u015bci w drug\u0105. Przez wiele lat, mimo usilnych pr\u00f3b, nie potrafi\u0142am znale\u017a\u0107 r\u00f3wnowagi w stylu, dodatkowo przez 10 lat walczy\u0142am z anoreksj\u0105 i bulimi\u0105. To by\u0142 naprawd\u0119 bardzo trudny czas dla mnie jako kobiety.<\/p>\n\n\n\n<p>Najwa\u017cniejsze jest to, \u017ce skutecznie&nbsp; zwyci\u0119\u017cy\u0142am te choroby, cho\u0107 uwierz mi, nie by\u0142o to \u0142atwe.<\/p>\n\n\n\n<p>Dzisiaj jestem kobiet\u0105 , kt\u00f3ra \u017cyje w prawdziwej r\u00f3wnowadze z duchem i cia\u0142em.<\/p>\n<\/div>\n<\/div>\n\n\n\n\n\n\n\n<hr class=\"wp-block-separator has-alpha-channel-opacity\"\/>\n\n\n\n<h2 class=\"wp-block-heading\">O mnie zawodowo:<\/h2>\n\n\n\n<p>Humanistka z wyboru i z naturalnych predyspozycji. M\u00f3l ksi\u0105\u017ckowy, troch\u0119 poliglotka, troch\u0119 obie\u017cy\u015bwiat, filolog j\u0119zyka angielskiego (cho\u0107 wol\u0119 j\u0119zyki i kultur\u0119 krain basenu Morza \u015ar\u00f3dziemnego).<\/p>\n\n\n\n<p>Sko\u0144czy\u0142am z sukcesem \u201eStosunki mi\u0119dzynarodowe i dyplomacj\u0119\u201d na Uniwersytecie w \u0141odzi, a tak\u017ce jestem wsp\u00f3\u0142autork\u0105 ksi\u0105\u017cki \u201cJan Pawe\u0142 II Wielki Dyplomata i Polityk, 2006).<\/p>\n\n\n\n<p>Cho\u0107 od polityki stroni\u0119 jednak mocno mnie anga\u017cuje komunikacja niewerbalna. Nie u\u017cywam j\u0119zyka formalnego, g\u00f3rnolotnego. Wol\u0119 taki ten na co dzie\u0144. Prosty i nie naci\u0105gany.<\/p>\n\n\n\n<figure class=\"wp-block-image alignright size-full\"><img loading=\"lazy\" decoding=\"async\" width=\"211\" height=\"66\" src=\"http:\/\/itsallaboutimage.co.uk\/wp-content\/uploads\/2022\/11\/image-approved_pict.jpeg\" alt=\"image-approved_pict\" class=\"wp-image-350\"\/><\/figure>\n\n\n\n<p>Od ponad 16 lat mieszkam i pracuj\u0119 w Wielkiej Brytanii. Z wyr\u00f3\u017cnieniem uko\u0144czy\u0142am szko\u0142\u0119 wizerunku z dyplomem Image Consultant. To specjalizacja, kt\u00f3ra \u0142\u0105czy mi\u0119dzy innymi takie zawody jak Osobisty Stylista, Image Coach oraz Personal Shopper, dzi\u0119ki kt\u00f3rym wspieram moje klientki profesjonalnie i kompleksowo.<\/p>\n\n\n\n<p>Pomagam na poziomie osobistym oraz profesjonalnym wsp\u00f3\u0142pracuj\u0105c pod k\u0105tem wygl\u0105du, mowy cia\u0142a, zachowa\u0144.&nbsp; Z ka\u017cd\u0105 klientk\u0105 ustalamy wsp\u00f3lnie plan dzia\u0142ania, plan skrojony pod indywidualne potrzeby, plan, kt\u00f3rego celem jest takie rozwi\u0105zanie, kt\u00f3re zagwarantuje sukces.<\/p>\n\n\n\n<p>Jestem r\u00f3wnie\u017c certyfikowan\u0105 ekspertk\u0105 ds. makija\u017cu dzi\u0119ki wykszta\u0142ceniu w Beauty Therapy \u2013 Make Up w Hair &amp; Beauty Training Centre, Kent.<\/p>\n\n\n\n<p>Wi\u0119cej o mnie pisz\u0105 moje klientki. Zapraszam Ci\u0119 do zapoznania si\u0119 z ich opiniami.<\/p>\n\n\n\n<h2 class=\"has-medium-font-size wp-block-heading\">A jaki jest klucz do Twojego stylu?<\/h2>\n\n\n\n<p>W poszukiwaniu w\u0142asnego odkry\u0142am prost\u0105 zasad\u0119, kt\u00f3ra w\u0142a\u015bciwie zastosowana sprawia, \u017ce ka\u017cda kobieta niezale\u017cnie od proporcji i linii sylwetki wygl\u0105da pi\u0119knie i poci\u0105gaj\u0105co.<\/p>\n\n\n\n<p>Klucz le\u017cy w KOLORZE i FASONIE. Prawda, \u017ce proste? Ale\u2026<\/p>\n\n\n\n<p>Cho\u0107 jeste\u015bmy podobne, ka\u017cda z nas jest inna. Ka\u017cda z nas jest wyj\u0105tkowa i chce si\u0119 czu\u0107 wyj\u0105tkowa, przy wyj\u0105tkowych okazjach i na co dzie\u0144.<\/p>\n\n\n\n<p><strong>Moj\u0105 misj\u0105 jest wydoby\u0107 z ka\u017cdej z nas ukryte kobiece pi\u0119kno i pokaza\u0107 \u015bwiatu to pi\u0119kno i r\u00f3\u017cnorodno\u015b\u0107!<\/strong><\/p>\n\n\n\n<p>Bez wzgl\u0119du na rozmiar, figur\u0119, stan spo\u0142eczny czy wielko\u015b\u0107 konta w banku.<\/p>\n\n\n\n<p>Dlatego chc\u0119 Ci\u0119 nauczy\u0107 jak mo\u017cesz si\u0119 ubra\u0107 a nie przebra\u0107.<\/p>\n\n\n\n<p>To tak w pigu\u0142ce.<\/p>\n\n\n\n<p><a href=\"mailto:contact@itsallaboutimage.eu\">contact@itsallaboutimage.<\/a><a href=\"mailto:contact@itsallaboutimage.uk\">uk<\/a><\/p>\n","protected":false},"excerpt":{"rendered":"<p>Ile razy zastanawia\u0142a\u015b si\u0119 jak odnale\u017a\u0107 si\u0119 w labiryncie \u201eidealnych\u201d&nbsp;&nbsp; sylwetek, trend\u00f3w czy dress \u2013 code\u2019\u00f3w? By\u0107 mo\u017ce, \u015bledzisz od dawna najnowsze modowe wytyczne a mimo to nadal nie wiesz co z tego&nbsp; Ci si\u0119 podoba, pasuje do Ciebie i Twojego stylu \u017cycia\u2026 Mo\u017ce ca\u0142e \u017cycie d\u0105\u017cysz do rozmiaru \u201e0\u201d i nawet je\u015bli go \u201emasz\u201d&#8230;<\/p>\n","protected":false},"author":1,"featured_media":0,"parent":0,"menu_order":0,"comment_status":"closed","ping_status":"closed","template":"","meta":{"advgb_blocks_editor_width":"","advgb_blocks_columns_visual_guide":"","footnotes":""},"class_list":["post-352","page","type-page","status-publish","hentry"],"coauthors":[],"author_meta":{"author_link":"https:\/\/itsallaboutimage.co.uk\/pl\/author\/iaai-admin\/","display_name":"Agnes Dyszlewska"},"relative_dates":{"created":"Posted 3 lata ago","modified":"Updated 3 lata ago"},"absolute_dates":{"created":"Posted on 8 listopada, 2022","modified":"Updated on 10 stycznia, 2023"},"absolute_dates_time":{"created":"Posted on 8 listopada, 2022 10:31 am","modified":"Updated on 10 stycznia, 2023 1:44 pm"},"featured_img_caption":"","featured_img":false,"series_order":"","_links":{"self":[{"href":"https:\/\/itsallaboutimage.co.uk\/pl\/wp-json\/wp\/v2\/pages\/352","targetHints":{"allow":["GET"]}}],"collection":[{"href":"https:\/\/itsallaboutimage.co.uk\/pl\/wp-json\/wp\/v2\/pages"}],"about":[{"href":"https:\/\/itsallaboutimage.co.uk\/pl\/wp-json\/wp\/v2\/types\/page"}],"author":[{"embeddable":true,"href":"https:\/\/itsallaboutimage.co.uk\/pl\/wp-json\/wp\/v2\/users\/1"}],"replies":[{"embeddable":true,"href":"https:\/\/itsallaboutimage.co.uk\/pl\/wp-json\/wp\/v2\/comments?post=352"}],"version-history":[{"count":16,"href":"https:\/\/itsallaboutimage.co.uk\/pl\/wp-json\/wp\/v2\/pages\/352\/revisions"}],"predecessor-version":[{"id":538,"href":"https:\/\/itsallaboutimage.co.uk\/pl\/wp-json\/wp\/v2\/pages\/352\/revisions\/538"}],"wp:attachment":[{"href":"https:\/\/itsallaboutimage.co.uk\/pl\/wp-json\/wp\/v2\/media?parent=352"}],"curies":[{"name":"wp","href":"https:\/\/api.w.org\/{rel}","templated":true}]}}