{"id":341,"date":"2022-11-08T10:31:47","date_gmt":"2022-11-08T10:31:47","guid":{"rendered":"http:\/\/itsallaboutimage.co.uk\/?page_id=341"},"modified":"2026-01-16T11:43:16","modified_gmt":"2026-01-16T11:43:16","slug":"kontakt","status":"publish","type":"page","link":"https:\/\/itsallaboutimage.co.uk\/pl\/kontakt\/","title":{"rendered":"Kontakt"},"content":{"rendered":"\n<h2 class=\"wp-block-heading has-text-align-center has-large-font-size\">Je\u015bli chcesz nawi\u0105za\u0107 wsp\u00f3\u0142prac\u0119 ze mn\u0105, serdecznie zach\u0119cam.<\/h2>\n\n\n\n<p class=\"has-text-align-center\">Czy to na poziomie indywidualnym \u2013 sesja: <strong>SZTUKA UBIORU \u2013 STYLE ME CONFIDENT<\/strong> czy na poziomie B2B: <strong>wyk\u0142ady,<\/strong> <strong>warsztaty dotycz\u0105ce BODY IMAGE czy SZTUKI UBIORU<\/strong> ch\u0119tnie pomog\u0119.<\/p>\n\n\n\n<p class=\"has-text-align-center has-large-font-size\">Mo\u017cesz si\u0119 ze mn\u0105 skontaktowa\u0107 poprzez&nbsp;<a href=\"https:\/\/www.facebook.com\/itsallaboutimageAgnes\" target=\"_blank\" rel=\"noreferrer noopener nofollow\"><strong>Facebook<\/strong><\/a>, rekomendacje os\u00f3b, kt\u00f3re ju\u017c wsp\u00f3\u0142pracowa\u0142y ze mn\u0105 lub poni\u017cszy email:<\/p>\n\n\n\n<p class=\"has-text-align-center has-large-font-size\">contact@itsallaboutimage.co.uk<\/p>\n\n\n\n<figure class=\"wp-block-image aligncenter size-full is-resized is-style-rounded\"><img loading=\"lazy\" decoding=\"async\" width=\"244\" height=\"244\" src=\"http:\/\/itsallaboutimage.co.uk\/wp-content\/uploads\/2022\/11\/Agnieszka-Dyszlewska.webp\" alt=\"\" class=\"wp-image-150\" style=\"width:166px;height:166px\"\/><figcaption class=\"wp-element-caption\">Agnieszka Dyszlewska<\/figcaption><\/figure>\n","protected":false},"excerpt":{"rendered":"<p>Je\u015bli chcesz nawi\u0105za\u0107 wsp\u00f3\u0142prac\u0119 ze mn\u0105, serdecznie zach\u0119cam. Czy to na poziomie indywidualnym \u2013 sesja: SZTUKA UBIORU \u2013 STYLE ME CONFIDENT czy na poziomie B2B: wyk\u0142ady, warsztaty dotycz\u0105ce BODY IMAGE czy SZTUKI UBIORU ch\u0119tnie pomog\u0119. Mo\u017cesz si\u0119 ze mn\u0105 skontaktowa\u0107 poprzez&nbsp;Facebook, rekomendacje os\u00f3b, kt\u00f3re ju\u017c wsp\u00f3\u0142pracowa\u0142y ze mn\u0105 lub poni\u017cszy email: contact@itsallaboutimage.co.uk<\/p>\n","protected":false},"author":1,"featured_media":152,"parent":0,"menu_order":0,"comment_status":"closed","ping_status":"closed","template":"","meta":{"advgb_blocks_editor_width":"","advgb_blocks_columns_visual_guide":"","footnotes":""},"class_list":["post-341","page","type-page","status-publish","has-post-thumbnail","hentry"],"coauthors":[],"author_meta":{"author_link":"https:\/\/itsallaboutimage.co.uk\/pl\/author\/iaai-admin\/","display_name":"Agnes Dyszlewska"},"relative_dates":{"created":"Posted 3 lata ago","modified":"Updated 3 miesi\u0105ce ago"},"absolute_dates":{"created":"Posted on 8 listopada, 2022","modified":"Updated on 16 stycznia, 2026"},"absolute_dates_time":{"created":"Posted on 8 listopada, 2022 10:31 am","modified":"Updated on 16 stycznia, 2026 11:43 am"},"featured_img_caption":"","featured_img":"https:\/\/itsallaboutimage.co.uk\/wp-content\/uploads\/2022\/11\/Style-Me-Confident-\u2013-Online.webp","series_order":"","_links":{"self":[{"href":"https:\/\/itsallaboutimage.co.uk\/pl\/wp-json\/wp\/v2\/pages\/341","targetHints":{"allow":["GET"]}}],"collection":[{"href":"https:\/\/itsallaboutimage.co.uk\/pl\/wp-json\/wp\/v2\/pages"}],"about":[{"href":"https:\/\/itsallaboutimage.co.uk\/pl\/wp-json\/wp\/v2\/types\/page"}],"author":[{"embeddable":true,"href":"https:\/\/itsallaboutimage.co.uk\/pl\/wp-json\/wp\/v2\/users\/1"}],"replies":[{"embeddable":true,"href":"https:\/\/itsallaboutimage.co.uk\/pl\/wp-json\/wp\/v2\/comments?post=341"}],"version-history":[{"count":7,"href":"https:\/\/itsallaboutimage.co.uk\/pl\/wp-json\/wp\/v2\/pages\/341\/revisions"}],"predecessor-version":[{"id":675,"href":"https:\/\/itsallaboutimage.co.uk\/pl\/wp-json\/wp\/v2\/pages\/341\/revisions\/675"}],"wp:featuredmedia":[{"embeddable":true,"href":"https:\/\/itsallaboutimage.co.uk\/pl\/wp-json\/wp\/v2\/media\/152"}],"wp:attachment":[{"href":"https:\/\/itsallaboutimage.co.uk\/pl\/wp-json\/wp\/v2\/media?parent=341"}],"curies":[{"name":"wp","href":"https:\/\/api.w.org\/{rel}","templated":true}]}}