{"id":331,"date":"2022-11-09T07:44:58","date_gmt":"2022-11-09T07:44:58","guid":{"rendered":"http:\/\/itsallaboutimage.co.uk\/style-me-confident-online\/"},"modified":"2026-01-16T12:29:00","modified_gmt":"2026-01-16T12:29:00","slug":"warsztaty","status":"publish","type":"page","link":"https:\/\/itsallaboutimage.co.uk\/pl\/warsztaty\/","title":{"rendered":"Warsztaty Zobaczy\u0107 Siebie"},"content":{"rendered":"\n<div class=\"wp-block-group block-padding is-layout-flow wp-block-group-is-layout-flow\">\n<div class=\"wp-block-group container is-layout-flow wp-block-group-is-layout-flow\">\n<div class=\"wp-block-group is-layout-constrained wp-container-core-group-is-layout-512b8d66 wp-block-group-is-layout-constrained\">\n<h1 class=\"wp-block-heading\">Zobaczy\u0107 Siebie w Sztuce Ubioru &#8211; Warsztaty dla kobiecych grup chrze\u015bcija\u0144skich<\/h1>\n\n\n\n<p>Wizerunek osobisty i profesjonalny to nie tylko&nbsp; umiej\u0119tno\u015b\u0107&nbsp; doboru stroju tak, aby podkre\u015bla\u0142 profesjonalizm i merytoryk\u0119, ale to r\u00f3wnie\u017c sztuka warta nabycia, po to aby czu\u0107 si\u0119 na tyle wygodnie, by nic nie zak\u0142\u00f3ca\u0142o informacji, kt\u00f3re chcesz przekaza\u0107 s\u0142uchaczom.<\/p>\n\n\n\n\n\n\n\n<p>Warto, aby marka, kt\u00f3r\u0105 budujesz ka\u017cdego dnia, by\u0142a sp\u00f3jna r\u00f3wnie\u017c z twoim poczuciem komfortu, warto\u015bciami i stylem \u017cycia.<\/p>\n\n\n\n<p>Wizerunek profesjonalny jest budowany na fundamencie wizerunku osobistego. Dzi\u0119ki temu zachowujesz sp\u00f3jno\u015b\u0107 oraz autentyczno\u015b\u0107.<\/p>\n\n\n\n<p>Ja mog\u0119 Ci pom\u00f3c w jeszcze lepszym komunikowaniu Twojego profesjonalizmu, kobiecej si\u0142y i Twoich warto\u015bci.<\/p>\n\n\n\n<p>Maj\u0105c na uwadze holistyczne podej\u015bcie do Sztuki Ubioru stworzy\u0142am unikatowe warsztaty skierowane do kobiet, kt\u00f3rym warto\u015bci chrze\u015bcija\u0144skie s\u0105 bliskie sercu. <\/p>\n\n\n\n<p>Pracujemy na fundamencie fragmentu z Pisma \u015awi\u0119tego z Ksi\u0119gi Rodzaju: 3.21: &#8222;Pan B\u00f3g sporz\u0105dzi\u0142 dla m\u0119\u017cczyzny i jego \u017cony odzienie ze sk\u00f3r i przyodzia\u0142 ich.&#8221; <\/p>\n\n\n\n<p>Podczas interaktywnego spotkania poruszamy m.in. kwestie czym jest dla mnie ubi\u00f3r, jak\u0105 mam z nim relacj\u0119, co m\u00f3wi\u0105 o mnie moje wybory wizerunkowe, wprowadzenie do tematu proporcji i linii sylwetki, kolor\u00f3w oraz fason\u00f3w. Praktyczna praca z lustrem. <\/p>\n\n\n\n<p>Czas spotkania oraz tre\u015bci s\u0105 uaktualniane wg potrzeby konkretnej grupy docelowej. Prowadz\u0119 warsztaty dla kobiet, m\u0142odzie\u017cy oraz si\u00f3str konsekrowanych w \u015bwiecie.  <\/p>\n\n\n\n<p>Po wi\u0119cej informacji zapraszam do kontaktu via Messenger.<\/p>\n\n\n\n\n\n\n\n<figure class=\"wp-block-image aligncenter size-full\"><img loading=\"lazy\" decoding=\"async\" width=\"940\" height=\"788\" src=\"https:\/\/itsallaboutimage.co.uk\/wp-content\/uploads\/2026\/01\/Zobaczyc-Siebie.png-na-www.png\" alt=\"\" class=\"wp-image-682\"\/><\/figure>\n\n\n\n\n\n\n\n\n\n\n\n\n\n\n\n\n\n\n\n\n\n\n\n\n\n\n\n\n<\/div>\n<\/div>\n<\/div>\n\n\n\n\n","protected":false},"excerpt":{"rendered":"<p>Zobaczy\u0107 Siebie w Sztuce Ubioru &#8211; Warsztaty dla kobiecych grup chrze\u015bcija\u0144skich Wizerunek osobisty i profesjonalny to nie tylko&nbsp; umiej\u0119tno\u015b\u0107&nbsp; doboru stroju tak, aby podkre\u015bla\u0142 profesjonalizm i merytoryk\u0119, ale to r\u00f3wnie\u017c sztuka warta nabycia, po to aby czu\u0107 si\u0119 na tyle wygodnie, by nic nie zak\u0142\u00f3ca\u0142o informacji, kt\u00f3re chcesz przekaza\u0107 s\u0142uchaczom. Warto, aby marka, kt\u00f3r\u0105 budujesz&#8230;<\/p>\n","protected":false},"author":1,"featured_media":0,"parent":0,"menu_order":0,"comment_status":"closed","ping_status":"closed","template":"page-fullwidth.php","meta":{"advgb_blocks_editor_width":"","advgb_blocks_columns_visual_guide":"","footnotes":""},"class_list":["post-331","page","type-page","status-publish","hentry"],"coauthors":[],"author_meta":{"author_link":"https:\/\/itsallaboutimage.co.uk\/pl\/author\/iaai-admin\/","display_name":"Agnes Dyszlewska"},"relative_dates":{"created":"Posted 3 lata ago","modified":"Updated 3 miesi\u0105ce ago"},"absolute_dates":{"created":"Posted on 9 listopada, 2022","modified":"Updated on 16 stycznia, 2026"},"absolute_dates_time":{"created":"Posted on 9 listopada, 2022 7:44 am","modified":"Updated on 16 stycznia, 2026 12:29 pm"},"featured_img_caption":"","featured_img":false,"series_order":"","_links":{"self":[{"href":"https:\/\/itsallaboutimage.co.uk\/pl\/wp-json\/wp\/v2\/pages\/331","targetHints":{"allow":["GET"]}}],"collection":[{"href":"https:\/\/itsallaboutimage.co.uk\/pl\/wp-json\/wp\/v2\/pages"}],"about":[{"href":"https:\/\/itsallaboutimage.co.uk\/pl\/wp-json\/wp\/v2\/types\/page"}],"author":[{"embeddable":true,"href":"https:\/\/itsallaboutimage.co.uk\/pl\/wp-json\/wp\/v2\/users\/1"}],"replies":[{"embeddable":true,"href":"https:\/\/itsallaboutimage.co.uk\/pl\/wp-json\/wp\/v2\/comments?post=331"}],"version-history":[{"count":8,"href":"https:\/\/itsallaboutimage.co.uk\/pl\/wp-json\/wp\/v2\/pages\/331\/revisions"}],"predecessor-version":[{"id":688,"href":"https:\/\/itsallaboutimage.co.uk\/pl\/wp-json\/wp\/v2\/pages\/331\/revisions\/688"}],"wp:attachment":[{"href":"https:\/\/itsallaboutimage.co.uk\/pl\/wp-json\/wp\/v2\/media?parent=331"}],"curies":[{"name":"wp","href":"https:\/\/api.w.org\/{rel}","templated":true}]}}