{"id":311,"date":"2022-11-09T07:44:33","date_gmt":"2022-11-09T07:44:33","guid":{"rendered":"http:\/\/itsallaboutimage.co.uk\/style-me-confident\/"},"modified":"2026-01-16T11:50:34","modified_gmt":"2026-01-16T11:50:34","slug":"sztuka-ubioru","status":"publish","type":"page","link":"https:\/\/itsallaboutimage.co.uk\/pl\/sztuka-ubioru\/","title":{"rendered":"Sztuka Ubioru"},"content":{"rendered":"\n<div class=\"wp-block-group block-padding is-layout-flow wp-block-group-is-layout-flow\">\n<div class=\"wp-block-group container is-layout-flow wp-block-group-is-layout-flow\">\n<div class=\"wp-block-group is-layout-constrained wp-container-core-group-is-layout-512b8d66 wp-block-group-is-layout-constrained\">\n<h1 class=\"wp-block-heading\"><strong>Sztuka Ubioru<\/strong><\/h1>\n\n\n\n<p class=\"has-text-align-center\"><em>Chcia\u0142abym odzyska\u0107 poczucie pewno\u015bci siebie\u2026<\/em><\/p>\n\n\n\n<p class=\"has-text-align-center\"><em>Chcia\u0142abym si\u0119 &nbsp;nauczy\u0107 jak wygl\u0105da\u0107 dobrze\u2026<\/em><\/p>\n\n\n\n<p class=\"has-text-align-center\"><em>Chcia\u0142abym si\u0119 &nbsp;poczu\u0107 kobieco\u2026<\/em><\/p>\n\n\n\n<p class=\"has-text-align-center\"><em>Chcia\u0142abym si\u0119 umie\u0107 ubra\u0107 odpowiednio do ka\u017cdej okazji\u2026<\/em><\/p>\n\n\n\n<p class=\"has-text-align-center\"><em>Kupuj\u0119 i dalej nie mam w co si\u0119 ubra\u0107\u2026<\/em><\/p>\n\n\n\n<p>To s\u0105 najcz\u0119\u015bciej pojawiaj\u0105ce si\u0119&nbsp; motywy kobiet, kt\u00f3re zwracaj\u0105 si\u0119 o pomoc do mnie.<\/p>\n\n\n\n<p>Lista potrzeb jest zwykle o wiele d\u0142u\u017csza jednak te wymienione wy\u017cej s\u0105 tymi, kt\u00f3re praktycznie zawsze pojawiaj\u0105 si\u0119 podczas wst\u0119pnej konsultacji.<\/p>\n\n\n\n<p>A teraz\u2026.wyobra\u017a sobie, \u017ce budzisz si\u0119 rano, otwierasz szaf\u0119 i:<\/p>\n\n\n\n<div class=\"wp-block-group has-pale-lilac-background-color has-background is-layout-flow wp-block-group-is-layout-flow\" style=\"padding-top:20px;padding-right:20px;padding-bottom:10px;padding-left:20px\">\n<p class=\"has-text-align-center\"><em>Wiesz CO na siebie w\u0142o\u017cy\u0107<br>Nie tracisz cennego czasu na zastanawianie si\u0119 co na siebie<br>w\u0142o\u017cy\u0107 po to aby i tak znowu za\u0142o\u017cy\u0107 \u201eto samo\u201d<br>Wyobra\u017a sobie, \u017ce czujesz si\u0119 swobodnie i PEWNIE w swoim<br>ubiorze<br>Patrz\u0105c w lustro PODOBASZ SI\u0118 sobie i zauwa\u017casz to r\u00f3wnie\u017c w<br>oczach innych<\/em>.&nbsp;<em>Wyobra\u017a sobie, \u017ce raz na zawsze pozb\u0119dziesz si\u0119 my\u015bli \u201echc\u0119<br>wygl\u0105da\u0107 tak jak ona ale nie sta\u0107 mnie na to\u201d<\/em><\/p>\n<\/div>\n\n\n\n<div style=\"height:15px\" aria-hidden=\"true\" class=\"wp-block-spacer\"><\/div>\n\n\n\n<p>Mo\u017ce my\u015blisz, \u017ce:<\/p>\n\n\n\n<div class=\"wp-block-group has-pale-lilac-background-color has-background is-layout-flow wp-block-group-is-layout-flow\" style=\"padding-top:20px;padding-right:20px;padding-bottom:10px;padding-left:20px\">\n<p>Opanowanie tajnik\u00f3w mody, stylu jest bardzo skomplikowane, przeznaczone dla tych, kt\u00f3re maj\u0105 mn\u00f3stwo czasu i pieni\u0119dzy?<\/p>\n<\/div>\n\n\n\n<div style=\"height:10px\" aria-hidden=\"true\" class=\"wp-block-spacer\"><\/div>\n\n\n\n<div class=\"wp-block-group has-pale-lilac-background-color has-background is-layout-flow wp-block-group-is-layout-flow\" style=\"padding-top:20px;padding-right:20px;padding-bottom:10px;padding-left:20px\">\n<p>Interesujesz si\u0119 mod\u0105, trendami i wizerunkiem, ale czujesz si\u0119 zagubiona w morzu porad r\u00f3\u017cnorodnych program\u00f3w telewizyjnych i internetowych?<\/p>\n<\/div>\n\n\n\n<div style=\"height:10px\" aria-hidden=\"true\" class=\"wp-block-spacer\"><\/div>\n\n\n\n<div class=\"wp-block-group has-pale-lilac-background-color has-background is-layout-flow wp-block-group-is-layout-flow\" style=\"padding-top:20px;padding-right:20px;padding-bottom:10px;padding-left:20px\">\n<p>Nie czujesz si\u0119 pewnie w swoich ubraniach, mimo, \u017ce kupuj\u0105c je by\u0142a\u015b przekonana, \u017ce dobrze inwestujesz pieni\u0105dze?<\/p>\n<\/div>\n\n\n\n<div style=\"height:10px\" aria-hidden=\"true\" class=\"wp-block-spacer\"><\/div>\n\n\n\n<p>Wizerunek ososbisty i profesjonalny to nie tylko umiej\u0119tno\u015b\u0107 doboru stroju tak, aby podkre\u015bla\u0142 profesjonalizm i merytoryk\u0119, ale to r\u00f3wnie\u017c sztuka warta nabycia, po to aby czu\u0107 si\u0119 na tyle wygodnie, by nic nie zak\u0142\u00f3ca\u0142o informacji, kt\u00f3re chcesz przekaza\u0107 s\u0142uchaczom.<\/p>\n\n\n\n<p>Twoja praca zawodowa wymaga wielu spotka\u0144, bardziej lub mniej formalnych. Twoi klienci uto\u017csamiaj\u0105 Twoje us\u0142ugi i produkty przede wszystkim z Tob\u0105.<\/p>\n\n\n\n<p>Warto, aby marka, kt\u00f3r\u0105 budujesz ka\u017cdego dnia, by\u0142a sp\u00f3jna r\u00f3wnie\u017c z Twoim poczuciem komfortu, warto\u015bciami i stylem \u017cycia.<\/p>\n\n\n\n<p>Ja mog\u0119 Ci pom\u00f3c w jeszcze lepszym komunikowaniu Twojego profesjonalizmu, kobiecej si\u0142y i Twoich warto\u015bci.<\/p>\n\n\n\n<p>Je\u017celi identyfikujesz si\u0119&nbsp; chocia\u017c z jedn\u0105 wymienionych potrzeb i masz pragnienie prawdziwej i konkretnej zmiany,&nbsp; dzi\u0119ki&nbsp; kt\u00f3rej Twoje prawdziwe Ja, Twoje unikatowe Pi\u0119kno ujrzy \u015bwiat\u0142o dzienne zach\u0119cam Ci\u0119, aby\u015b &nbsp;przesta\u0142a czeka\u0107 na \u2018p\u00f3\u017aniej\u2019 i da\u0142a sobie teraz szans\u0119, jakiej potrzebujesz.<\/p>\n\n\n\n<div class=\"wp-block-group has-pale-lilac-background-color has-background is-layout-flow wp-block-group-is-layout-flow\" style=\"padding-top:20px;padding-right:20px;padding-bottom:10px;padding-left:20px\">\n<p>T\u0105 szans\u0105 mo\u017ce by\u0107 decyzja&nbsp; do\u015bwiadczenia&nbsp; SZTUKI UBIORU \u2013 STYLE ME CONFIDENT.<\/p>\n<\/div>\n\n\n\n<div style=\"height:10px\" aria-hidden=\"true\" class=\"wp-block-spacer\"><\/div>\n\n\n\n<p>Osobi\u015bcie wierz\u0119, \u017ce ka\u017cda kobieta jest pi\u0119kna i atrakcyjna. Bez wzgl\u0119du na rozmiar, bez wzgl\u0119du na wag\u0119, bez wzgl\u0119du na stanowisko jakie zajmuje, bez wzgl\u0119du na swoj\u0105 przesz\u0142o\u015b\u0107, bez wzgl\u0119du na&nbsp; to, co sama my\u015bli o sobie.<\/p>\n\n\n\n<p>By\u0107 mo\u017ce zastanawiasz si\u0119 jak ubranie mo\u017ce by\u0107 \u017ar\u00f3d\u0142em wielu problem\u00f3w jakich do\u015bwiadczach ale i w tym samym momencie rozwi\u0105zaniem wi\u0119kszo\u015bci Twoich trudno\u015bci i kompleks\u00f3w.<\/p>\n\n\n\n<p class=\"has-text-align-center\">Ubranie jest czym\u015b wi\u0119cej ni\u017c rzecz\u0105 materialn\u0105, w\u0142asno\u015bci\u0105.<\/p>\n\n\n\n<p class=\"has-text-align-center\">Ubi\u00f3r wyra\u017ca nasz\u0105 osobowo\u015b\u0107, tym kim jeste\u015bmy, nasze warto\u015bci.<\/p>\n\n\n\n<p class=\"has-text-align-center\">Ca\u0142kowicie zgadzam si\u0119 z Coco Chanel, kt\u00f3ra powiedzia\u0142a, \u017ce<\/p>\n\n\n\n<p class=\"has-text-align-center\"><em>\u2018dobrze ubran\u0105 kobiet\u0119, ludzie zapami\u0119taj\u0105 kobiet\u0119 natomiast \u017ale ubran\u0105 zapami\u0119taj\u0105 niew\u0142a\u015bciwie dobrane ubrania \u2018.<\/em><\/p>\n\n\n\n<p>SZTUKA<strong>&nbsp;<\/strong>UBIORU \u2013 STYLE ME CONFIDENT&nbsp; \u2013 Jest to wyj\u0105tkowy czas, kt\u00f3ry jest tylko i wy\u0142\u0105cznie po\u015bwi\u0119cony Tobie oraz Twoim potrzebom.<\/p>\n\n\n\n<p>Moja wiedza, umiej\u0119tno\u015bci, a przede wszystkim pot\u0119\u017cne do\u015bwiadczenie w pracy z kobietami udowodni\u0142y, \u017ce odzyskanie siebie, odzyskanie swego Ja, swego unikatowego Pi\u0119kna jest realne. Jest na wyci\u0105gni\u0119cie r\u0119ki.<\/p>\n\n\n\n<figure class=\"wp-block-image size-full\"><img loading=\"lazy\" decoding=\"async\" width=\"644\" height=\"540\" src=\"http:\/\/itsallaboutimage.co.uk\/wp-content\/uploads\/2022\/11\/hania-fb-644x540-1.png\" alt=\"\" class=\"wp-image-312\"\/><\/figure>\n\n\n\n<p><em>Na pocz\u0105tku by\u0142am troch\u0119 sceptyczna chocia\u017c widzia\u0142am metamorfoz\u0119 kole\u017canki, nigdy nie my\u015bla\u0142am, \u017ce potrzebuj\u0119 doradcy do mojego wizerunku.<\/em><\/p>\n\n\n\n<p><em>Zawsze kupowa\u0142am to, co mi si\u0119 podoba \u2013 nie wa\u017cne, \u017ce potem te rzeczy wisia\u0142y bez u\u017cytku a ja jak zwykle nie mia\u0142am w co si\u0119 ubra\u0107.<\/em><\/p>\n\n\n\n<p><em>Agnieszka zaproponowa\u0142a kolory i fasony, na kt\u00f3re wcze\u015bniej chyba nie zwr\u00f3ci\u0142am uwagi, a teraz to moje ulubione \u2013 mog\u0119 je mix &amp; match \u2013 zrozumia\u0142am, \u017ce nie potrzebuj\u0119 kupowa\u0107 w sklepach du\u017co rzeczy ale tylko to, co mi pasuje.<\/em><\/p>\n\n\n\n<p><em>Jedna z moich kole\u017canek, kt\u00f3ra nie zna Agnieszki i nie wiedzia\u0142a, \u017ce skorzysta\u0142am z jej us\u0142ug powiedzia\u0142a mi, \u017ce si\u0119 zmieni\u0142am, \u017ce fajnie wygl\u0105dam, ale nie wie czy to ubrania czy co\u015b innego.<\/em><\/p>\n\n\n\n<p><em>Ja sama czuj\u0119 si\u0119 pewniej, wiem, czego chc\u0119, zaakceptowa\u0142am i pokocha\u0142am siebie.<\/em><\/p>\n\n\n\n<p><em>Hanna \u2013 Gravesend, UK<\/em><\/p>\n\n\n\n<p>Podejmuj\u0105c decyzj\u0119 o odzyskaniu siebie r\u00f3wnie\u017c dbasz o spos\u00f3b my\u015blenia o sobie, o swej kobieco\u015bci oraz o wybory jakie b\u0119dzie dokonywa\u0107 Twoja dorastaj\u0105ca c\u00f3rka lub c\u00f3rki. Wiesz przecie\u017c doskonale o tym, \u017ce dzieci nie s\u0142uchaj\u0105 ale obserwuj\u0105.<\/p>\n\n\n\n<p><em>Od mojej sesji z Agnieszk\u0105 mija ju\u017c dwa lata. Jedn\u0105 z wielu zmian jakie maj\u0105 miejsce w moim \u017cyciu dzi\u0119ki wsp\u00f3\u0142pracy z Ag\u0105 jest fakt, \u017ce dzi\u015b nie mam problemu z zakupami, zawsze mam w co si\u0119 ubra\u0107 mimo, \u017ce&nbsp; w szafie mam po\u0142ow\u0119 mniej ubra\u0144 ni\u017c mia\u0142am w przesz\u0142o\u015bci. Wszystko jest bardzo dobrze dobrane i \u0142atwo mi \u0142\u0105czy\u0107 i kolory i fasony.<\/em><\/p>\n\n\n\n<p><em>A co jest NAJWA\u017bNIEJSZE&nbsp; to, \u017ce jestem wzorem dla mojej dorastaj\u0105cej 18-letniej c\u00f3rki. Dzi\u015b widz\u0119 jak ona obserwuje mnie podczas zakup\u00f3w i dobieraniu cz\u0119\u015bci garderoby dla siebie. Zmieni\u0142a zdanie co do kolor\u00f3w i dzi\u015b wybiera jasne i weso\u0142e stylizacje a przede wszystkim jest pewna siebie i swojej warto\u015bci.<\/em><\/p>\n\n\n\n<p><em>Mnie tego brakowa\u0142o a dzi\u015b ju\u017c wiem, \u017ce dzi\u0119ki Agnieszce moje osobiste poczucie warto\u015bci wzros\u0142o i sta\u0142am si\u0119 wzorem do na\u015bladowania dla c\u00f3rki.<\/em><\/p>\n\n\n\n<p><em>Ania,Gravesend, UK<\/em><\/p>\n\n\n\n<p>By\u0107 mo\u017ce obawiasz si\u0119, \u017ce&nbsp; Ci\u0119 na to nie sta\u0107 finansowo. Nic bardziej mylnego.<\/p>\n\n\n\n<p>Pomy\u015bl o sobie jako o inwestycji, d\u0142ugoplanowej oszcz\u0119dno\u015bci a nie o zb\u0119dnym wydatku czy fanaberi.<\/p>\n\n\n\n<p>By\u0107 mo\u017ce masz ju\u017c w szafie nie jedn\u0105 a kilka sukienek czy p\u0142aszczy, kt\u00f3re tylko wisz\u0105 nie noszone bo \u201cco\u015b z nimi jest nie tak\u201d\u2026<\/p>\n\n\n\n<p>Z\u0142e wybory zakupowe, kt\u00f3rych ca\u0142kowity koszt cz\u0119sto jest niewyobra\u017calnie wysoki\u2026 a co gorsze dalej podobne wybory s\u0105 podejmowane, pieni\u0105dze niew\u0142a\u015bciwie inwestowane z braku wiedzy o sobie.<\/p>\n\n\n\n<p>Maj\u0105c do wyboru zakup kolejnej sukienki (by\u0107 mo\u017ce zn\u00f3w w niekorzystnym kolorze czy fasonie) lub kolejnego fiaska u fryzjera a mo\u017cliwo\u015b\u0107 zmiany dotychczasowego sposobu my\u015blenia i dzia\u0142ania, kt\u00f3rego celem i owocem jest \u015bwiadoma inwestycja w konkretne fasony i kolory, kt\u00f3re b\u0119d\u0105 s\u0142u\u017cy\u0142y przez lata my\u015bl\u0119, \u017ce wyb\u00f3r jest jasny.<\/p>\n\n\n\n<p>A to tylko jedna strona medalu.<\/p>\n\n\n\n<p>Poczucie warto\u015bci i pewno\u015bci siebie, kompleksy, zagubienie, brak rado\u015bci to by\u0107 mo\u017ce dla Ciebie chleb powszedni.<\/p>\n\n\n\n<p>Je\u015bli masz ich do\u015b\u0107, dzi\u0119ki wiedzy i umiej\u0119tno\u015bciom nabytych podczas wsp\u00f3\u0142pracy ze mn\u0105 masz unikatow\u0105 szans\u0119 wej\u015b\u0107 na drog\u0119 realizacji swych pragnie\u0144.<\/p>\n\n\n\n<p>Na czym polega&nbsp;&nbsp; SZTUKA UBIORU \u2013 STYLE ME CONFIDENT \u2013 40 dni Master Class<strong>&nbsp;<\/strong>(oferta realizowana stacjonarnie Gravesend i okolice):<\/p>\n\n\n\n<div class=\"wp-block-group has-pale-lilac-background-color has-background is-layout-flow wp-block-group-is-layout-flow\" style=\"padding-top:20px;padding-right:20px;padding-bottom:10px;padding-left:20px\">\n<p>Dzi\u0119ki temu do\u015bwiadczeniu nauczysz si\u0119 i poznasz swoje unikatowe zasady, kt\u00f3re zawsze si\u0119 sprawdz\u0105 w jakiejkolwiej sytuacji \u017cyciowej si\u0119 znajdziesz.<\/p>\n<\/div>\n\n\n\n<div style=\"height:10px\" aria-hidden=\"true\" class=\"wp-block-spacer\"><\/div>\n\n\n\n<div class=\"wp-block-group has-pale-lilac-background-color has-background is-layout-flow wp-block-group-is-layout-flow\" style=\"padding-top:20px;padding-right:20px;padding-bottom:10px;padding-left:20px\">\n<p>Nauczysz si\u0119 kreowa\u0107 sw\u00f3j unikatowy styl, kt\u00f3ry sprawdzi si\u0119 w Twojej przestrzeni dzia\u0142ania oraz zyskasz pewno\u015b\u0107 podczas zakup\u00f3w ubra\u0144.<\/p>\n<\/div>\n\n\n\n<div style=\"height:10px\" aria-hidden=\"true\" class=\"wp-block-spacer\"><\/div>\n\n\n\n<div class=\"wp-block-group has-pale-lilac-background-color has-background is-layout-flow wp-block-group-is-layout-flow\" style=\"padding-top:20px;padding-right:20px;padding-bottom:10px;padding-left:20px\">\n<p>Uporz\u0105dkujesz swoj\u0105 garderob\u0119 oraz nauczysz si\u0119 skutecznie podejmowa\u0107 decyzje podczas zakup\u00f3w.<\/p>\n<\/div>\n\n\n\n<div style=\"height:10px\" aria-hidden=\"true\" class=\"wp-block-spacer\"><\/div>\n\n\n\n<div class=\"wp-block-group has-pale-lilac-background-color has-background is-layout-flow wp-block-group-is-layout-flow\" style=\"padding-top:20px;padding-right:20px;padding-bottom:10px;padding-left:20px\">\n<p>Koniec z nietrafionymi decyzjami, kt\u00f3re nie tylko niszcz\u0105 Tw\u00f3j domowy bud\u017cet ale os\u0142abiaj\u0105 poczucie warto\u015bci i pewno\u015bci siebie.<\/p>\n<\/div>\n\n\n\n<div style=\"height:10px\" aria-hidden=\"true\" class=\"wp-block-spacer\"><\/div>\n\n\n\n<div class=\"wp-block-group has-pale-lilac-background-color has-background is-layout-flow wp-block-group-is-layout-flow\" style=\"padding-top:20px;padding-right:20px;padding-bottom:10px;padding-left:20px\">\n<p>Moim celem jest wyposa\u017cenie Ciebie w umiej\u0119tno\u015bci, kt\u00f3re zostan\u0105 z Tob\u0105 na ca\u0142e \u017cycie bez wzgl\u0119du na to czy do\u015bwiadczysz zmiany kariery zawodowej, wagi, rozmiaru, sylwetki czy upodoba\u0144.<\/p>\n<\/div>\n\n\n\n<div style=\"height:10px\" aria-hidden=\"true\" class=\"wp-block-spacer\"><\/div>\n\n\n\n<p>Aspekty, nad kt\u00f3rymi pracujemy podczas 40 dni:<\/p>\n\n\n\n<p>SZTUKA KOLORU:<\/p>\n\n\n\n<figure class=\"wp-block-image aligncenter size-full\"><img loading=\"lazy\" decoding=\"async\" width=\"1094\" height=\"730\" src=\"http:\/\/itsallaboutimage.co.uk\/wp-content\/uploads\/2022\/11\/analiza-kolorystyczna-zwykla.jpeg\" alt=\"\" class=\"wp-image-301\"\/><\/figure>\n\n\n\n<p>Jak dobra\u0107 najkorzystniejsze kolory i ich kombinacje w makija\u017cu oraz ubiorze \u2013 Analiza Kolorystyczna<\/p>\n\n\n\n<p>Nauka techniki podstawowej aplikacji makija\u017cu dziennego. Wyb\u00f3r techniki zale\u017cy od Twoich lini i proporcji twarzy oraz jej cech charakterystycznych (bierzemy pod uwag\u0119 rozstaw oczu, ich kszta\u0142t, d\u0142ugo\u015b\u0107 nosa itp).<\/p>\n\n\n\n<p>SZTUKA UBIORU:<\/p>\n\n\n\n<figure class=\"wp-block-image aligncenter size-large\"><img loading=\"lazy\" decoding=\"async\" width=\"1440\" height=\"961\" src=\"http:\/\/itsallaboutimage.co.uk\/wp-content\/uploads\/2022\/12\/sztuka-ubioru-stacj-1440x961.jpeg\" alt=\"sztuka-ubioru-stacj\" class=\"wp-image-449\"\/><\/figure>\n\n\n\n<p>Odkrywamy linie i proporcje sylwetki<\/p>\n\n\n\n<p>Na podstawie informacji o Twoich liniach sylwetki dobieramy najkorzystniejsze materia\u0142y, fasony i wzory (dobieramy fasony ka\u017cdej cz\u0119\u015bci garderoby oraz akcesorii)<\/p>\n\n\n\n<p>Dobieramy najkorzystniejsz\u0105 fryzur\u0119<\/p>\n\n\n\n<p>Na podstawie wcze\u015bniej otrzymanego formularza od Ciebie odkrywamy jak najkorzystniejszy styl dla Ciebie<\/p>\n\n\n\n<p>SZAFA STWORZONA NA MIAR\u0118:<\/p>\n\n\n\n<figure class=\"wp-block-image aligncenter size-full\"><img loading=\"lazy\" decoding=\"async\" width=\"1152\" height=\"768\" src=\"http:\/\/itsallaboutimage.co.uk\/wp-content\/uploads\/2022\/12\/szafa.jpeg\" alt=\"Woman choosing clothes from large wardrobe closet\" class=\"wp-image-452\"\/><\/figure>\n\n\n\n<p>Analiza aktualnej garderoby (niezale\u017cnie od tego czy koncentrujemy si\u0119 na garderobie ca\u0142orocznej czy sezonowej ubranie jest sprawdzane pod k\u0105tem koloru i fasonu najkorzystniejszego dla Ciebie)<\/p>\n\n\n\n<p>Tworzymy przyk\u0142adowe stylizacje z ubra\u0144 wyselekcjonowanych<\/p>\n\n\n\n<p>Tworzymy list\u0119 ubra\u0144\/akcesorii, kt\u00f3rych brakuje, aby skompletowa\u0107 garderob\u0119<\/p>\n\n\n\n<p>SMART SHOPPING CZYLI ZAKUPY Z G\u0141OW\u0104:<\/p>\n\n\n\n<figure class=\"wp-block-image aligncenter size-full\"><img loading=\"lazy\" decoding=\"async\" width=\"1152\" height=\"768\" src=\"http:\/\/itsallaboutimage.co.uk\/wp-content\/uploads\/2022\/12\/smart-shopping.jpeg\" alt=\"Beautiful overweight woman with shopping bags in boutique\" class=\"wp-image-454\"\/><\/figure>\n\n\n\n<p>Asysta w procesie decyzyjnym podczas zakup\u00f3w planowanych przez Ciebie online lub stacjonarnie (moje wsparcie, wskaz\u00f3wki, porady poprzez wiadomo\u015bci przy u\u017cyciu aplikacji Whatsapp lub Messanger)<\/p>\n\n\n\n<p>Sesja ma charakter aktywnej wsp\u00f3\u0142pracy obu stron.<\/p>\n\n\n\n<p>Program 40 dni Master Class obejmuje do 4 spotka\u0144 zaaran\u017cowanych stacjonarnie. Ka\u017cda sesja trwa \u015brednio 3 godziny.<\/p>\n\n\n\n<p>Pomi\u0119dzy spotkaniami przesy\u0142am Tobie konkretne zadania i \u0107wiczenia dobrane indywidualnie do Twoich potrzeb, aby ugruntowa\u0107 nowo przyswojon\u0105 wiedz\u0119 oraz wprowadza\u0107 powoli w praktyk\u0119 nowe rozwi\u0105zania.<\/p>\n\n\n\n<p>Aby przej\u015b\u0107 do kolejnego kroku, wype\u0142nione zadania i \u0107wiczenia musz\u0105 by\u0107 wykonywane na bie\u017c\u0105co.<\/p>\n\n\n\n<p>Przed Sesj\u0105: uzgadniamy potrzeby oraz oczekiwania<\/p>\n\n\n\n<p>Przesy\u0142am drog\u0105 emailow\u0105 formularz z kilkoma pytaniami, kt\u00f3rego celem jest pomoc w odkryciu Twojego Osobistego Stylu.<\/p>\n\n\n\n<p>Wype\u0142niony formularz trafia do mnie minimum 5 dni przed um\u00f3wionym terminem sesji.<\/p>\n\n\n\n<p>Po zako\u0144czonej sesji otrzymujesz na email stworzone dla Ciebie szczeg\u00f3\u0142owe notatki.<\/p>\n\n\n\n<p><strong>Koszt inwestycji w siebie \u2013 567GBP<\/strong><\/p>\n\n\n\n<p>Aby um\u00f3wi\u0107 si\u0119 na konsultacje ze mn\u0105, prosz\u0119 o kontakt na: Messenger.<\/p>\n\n\n\n<p><em>P\u0142atno\u015b\u0107 w ca\u0142o\u015bci przed pierwsz\u0105 konsultacj\u0105 przelewem na konto.<\/em><\/p>\n\n\n\n<p><em>Mo\u017cliwo\u015b\u0107 dokonania wp\u0142aty w dw\u00f3ch r\u00f3wnych ratach. Pierwsza rata przed pierwsz\u0105 konsultacj\u0105, druga rata najp\u00f3\u017aniej przed trzecim spotkaniem.<\/em><\/p>\n\n\n\n<p><em>Je\u017celi interesuje Ci\u0119&nbsp;wybrany aspekt z powy\u017cszej oferty zapraszam do kontaktu w celu uzgodnienia szczeg\u00f3\u0142\u00f3w wsp\u00f3\u0142pracy.<\/em>&nbsp;&nbsp;&nbsp;<strong>&nbsp;&nbsp;&nbsp;&nbsp;&nbsp;&nbsp;&nbsp;&nbsp;&nbsp;<\/strong><\/p>\n\n\n\n<p><strong>Mentoring<\/strong><\/p>\n\n\n\n<p>Po zako\u0144czeniu ca\u0142ego programu przez kolejny miesi\u0105c* jest mo\u017cliwo\u015b\u0107 mojego wsparcia podczas stawianiu pierwszych krok\u00f3w wprowadzania nowych rozwi\u0105za\u0144 oraz w budowaniu trwa\u0142ych nawyk\u00f3w. Szczeg\u00f3\u0142y uzgadniamy indywidualnie wed\u0142ug Twoich potrzeb.<\/p>\n\n\n\n<p><strong>Opcja 1 \u2013 &nbsp;&nbsp;<\/strong>w przestrzeni 1 miesi\u0105ca po zako\u0144czeniu programu oferuj\u0119 moje wsparcie podczas procesu implementacji nowo nabytej wiedzy. W zale\u017cno\u015bci od Twoich potrzeb tj. asysta przy stworzeniu stylizacji na specjaln\u0105 okazj\u0119, zakupy online lub asysta w procesie decyzyjnym podczas zakup\u00f3w stacjonarnych. Czas przeznaczony to&nbsp;<strong>4 godziny<\/strong>&nbsp;do wykorzystania cz\u0105stkowo podczas miesi\u0105ca kalendarzowego od dnia rozpocz\u0119cia wsparcia mentoringowego.<\/p>\n\n\n\n<p><strong>Koszt \u2013 100 GBP<\/strong><\/p>\n\n\n\n<p><strong>Opcja 2<\/strong>&nbsp;<strong>\u2013&nbsp;<\/strong>wsparcie obejmuje zakres opisany w Opcji 1. Czas przeznaczony to<strong>&nbsp;2 godziny.<\/strong><\/p>\n\n\n\n<p><strong>Koszt \u2013 50 GBP<\/strong><\/p>\n\n\n\n<p>&nbsp;&nbsp;&nbsp;<em>*przy d\u0142u\u017cszym mentoringu cena jest ustalana indywidualnie&nbsp;&nbsp;&nbsp;<\/em><\/p>\n<\/div>\n<\/div>\n<\/div>\n\n\n\n<div class=\"wp-block-group has-background section-testimonials is-layout-flow wp-block-group-is-layout-flow\" style=\"background-color:#a398c7\">\n<div class=\"wp-block-group container is-layout-flow wp-block-group-is-layout-flow\">    <div id=\"projectTestimonials\">\r\n        <div class=\"testimonials-carousel\">\r\n                            <div class=\"item-testimonial\">\r\n                    <div class=\"wrapper\">\r\n                                                        <div class=\"testi-thumbnail\">\r\n                                    <img loading=\"lazy\" decoding=\"async\" src=\"https:\/\/itsallaboutimage.co.uk\/wp-content\/uploads\/2022\/11\/milena-sharma.webp\" alt=\"Milena Sharma\" width=\"166\" height=\"166\">\r\n                                <\/div>\r\n                                                    <div class=\"content-wrapper\">\r\n                            <div class=\"author\">\r\n                                Milena Sharma                            <\/div>\r\n                            <div class=\"content\">\r\n                                <p>Agnieszka jest superprofesjonalna a\u017c do najmniejszego detalu a zarazem subtelna i delikatna w sugerowaniu w\u0142a\u015bciwego wyboru.<\/p>\n                            <\/div>\r\n                        <\/div>\r\n\r\n                    <\/div>\r\n                <\/div>\r\n                            <div class=\"item-testimonial\">\r\n                    <div class=\"wrapper\">\r\n                                                        <div class=\"testi-thumbnail\">\r\n                                    <img loading=\"lazy\" decoding=\"async\" src=\"https:\/\/itsallaboutimage.co.uk\/wp-content\/uploads\/2022\/11\/anna.jpg\" alt=\"Anna Pietrus\" width=\"166\" height=\"166\">\r\n                                <\/div>\r\n                                                    <div class=\"content-wrapper\">\r\n                            <div class=\"author\">\r\n                                Anna Pietrus                            <\/div>\r\n                            <div class=\"content\">\r\n                                <p>Dzi\u0119ki poradom Agnieszki wysz\u0142am ze swojej strefy komfortu &#8211; bieli i czerni, a wn\u0119trze mojej szafy nabra\u0142o kolor\u00f3w. Agnieszka nauczy\u0142a mnie jak wielkie znaczenie maja odpowiednio dobrane do urody kolory i jak pi\u0119knie potrafi\u0105 ja podre\u015bli\u0107.<\/p>\n                            <\/div>\r\n                        <\/div>\r\n\r\n                    <\/div>\r\n                <\/div>\r\n                    <\/div>\r\n    <\/div>\r\n\n\n\n\n<div class=\"wp-block-group is-layout-constrained wp-container-core-group-is-layout-094a7bb8 wp-block-group-is-layout-constrained advgb-dyn-f2a6aa86\">\n<p class=\"more has-white-color has-text-color\" style=\"text-transform:uppercase\"><a href=\"http:\/\/itsallaboutimage.co.uk\/testimonials\/\" data-type=\"page\" data-id=\"13\">read more testimonials<\/a><\/p>\n<\/div>\n<\/div>\n<\/div>\n","protected":false},"excerpt":{"rendered":"<p>Sztuka Ubioru Chcia\u0142abym odzyska\u0107 poczucie pewno\u015bci siebie\u2026 Chcia\u0142abym si\u0119 &nbsp;nauczy\u0107 jak wygl\u0105da\u0107 dobrze\u2026 Chcia\u0142abym si\u0119 &nbsp;poczu\u0107 kobieco\u2026 Chcia\u0142abym si\u0119 umie\u0107 ubra\u0107 odpowiednio do ka\u017cdej okazji\u2026 Kupuj\u0119 i dalej nie mam w co si\u0119 ubra\u0107\u2026 To s\u0105 najcz\u0119\u015bciej pojawiaj\u0105ce si\u0119&nbsp; motywy kobiet, kt\u00f3re zwracaj\u0105 si\u0119 o pomoc do mnie. Lista potrzeb jest zwykle o wiele d\u0142u\u017csza&#8230;<\/p>\n","protected":false},"author":1,"featured_media":0,"parent":0,"menu_order":0,"comment_status":"closed","ping_status":"closed","template":"page-fullwidth.php","meta":{"advgb_blocks_editor_width":"","advgb_blocks_columns_visual_guide":"","footnotes":""},"class_list":["post-311","page","type-page","status-publish","hentry"],"coauthors":[],"author_meta":{"author_link":"https:\/\/itsallaboutimage.co.uk\/pl\/author\/iaai-admin\/","display_name":"Agnes Dyszlewska"},"relative_dates":{"created":"Posted 3 lata ago","modified":"Updated 3 miesi\u0105ce ago"},"absolute_dates":{"created":"Posted on 9 listopada, 2022","modified":"Updated on 16 stycznia, 2026"},"absolute_dates_time":{"created":"Posted on 9 listopada, 2022 7:44 am","modified":"Updated on 16 stycznia, 2026 11:50 am"},"featured_img_caption":"","featured_img":false,"series_order":"","_links":{"self":[{"href":"https:\/\/itsallaboutimage.co.uk\/pl\/wp-json\/wp\/v2\/pages\/311","targetHints":{"allow":["GET"]}}],"collection":[{"href":"https:\/\/itsallaboutimage.co.uk\/pl\/wp-json\/wp\/v2\/pages"}],"about":[{"href":"https:\/\/itsallaboutimage.co.uk\/pl\/wp-json\/wp\/v2\/types\/page"}],"author":[{"embeddable":true,"href":"https:\/\/itsallaboutimage.co.uk\/pl\/wp-json\/wp\/v2\/users\/1"}],"replies":[{"embeddable":true,"href":"https:\/\/itsallaboutimage.co.uk\/pl\/wp-json\/wp\/v2\/comments?post=311"}],"version-history":[{"count":7,"href":"https:\/\/itsallaboutimage.co.uk\/pl\/wp-json\/wp\/v2\/pages\/311\/revisions"}],"predecessor-version":[{"id":680,"href":"https:\/\/itsallaboutimage.co.uk\/pl\/wp-json\/wp\/v2\/pages\/311\/revisions\/680"}],"wp:attachment":[{"href":"https:\/\/itsallaboutimage.co.uk\/pl\/wp-json\/wp\/v2\/media?parent=311"}],"curies":[{"name":"wp","href":"https:\/\/api.w.org\/{rel}","templated":true}]}}