{"id":277,"date":"2022-11-08T10:31:30","date_gmt":"2022-11-08T10:31:30","guid":{"rendered":"http:\/\/itsallaboutimage.co.uk\/testimonials\/"},"modified":"2023-12-28T10:37:01","modified_gmt":"2023-12-28T10:37:01","slug":"opinie","status":"publish","type":"page","link":"https:\/\/itsallaboutimage.co.uk\/pl\/opinie\/","title":{"rendered":"Co m\u00f3wi\u0105 klienci"},"content":{"rendered":"\n<div class=\"wp-block-group is-layout-constrained wp-container-core-group-is-layout-7a8ecd1d wp-block-group-is-layout-constrained\">\n<p class=\"has-text-align-center has-large-font-size\"><em>Bardzo dzi\u0119kuj\u0119 moim nieocenionym klientkom za podzielenie si\u0119 swoim do\u015bwiadczeniem wsp\u00f3\u0142pracy ze mn\u0105. Ka\u017cda podr\u00f3\u017c by\u0142a i jest wyj\u0105tkowym i niepowtarzalnym do\u015bwiadczeniem.<\/em><\/p>\n\n\n\n<figure class=\"wp-block-image aligncenter size-full is-resized\"><img loading=\"lazy\" decoding=\"async\" width=\"940\" height=\"788\" src=\"http:\/\/itsallaboutimage.co.uk\/wp-content\/uploads\/2022\/11\/anna-p-final.png\" alt=\"anna-p-final\" class=\"wp-image-278\" style=\"width:705px;height:591px\"\/><\/figure>\n\n\n\n<hr class=\"wp-block-separator has-alpha-channel-opacity\"\/>\n\n\n\n<h2 class=\"wp-block-heading\">Historia Agnieszki, Krak\u00f3w, Polska:<\/h2>\n\n\n\n<p>\u201d<em>Sesje z Agnieszk\u0105, jej wskaz\u00f3wki i pomoc, przynios\u0142y wiele zmian nie tylko w moim stylu ubierania, by\u0142y dla mnie r\u00f3wnie\u017c form\u0105 terapii.<\/em><\/p>\n\n\n\n<p><em>Po pierwsze: zacz\u0119\u0142am si\u0119 podoba\u0107 samej sobie. Patrz\u0105c w lustro widz\u0119 mniej wad tzn. one s\u0105 ale s\u0105&nbsp;umiej\u0119tnie ukryte. Moje uczucie zadowolenia wp\u0142ywa r\u00f3wnie\u017c pozytywnie na wszystkich domownik\u00f3w, a chyba na m\u0119\u017ca najbardziej<\/em>.<\/p>\n\n\n\n<p><em>Po drugie,&nbsp; jest mi du\u017co \u0142atwiej robi\u0107 zakupy kieruj\u0105c si\u0119 Agnieszki wskaz\u00f3wkami (kt\u00f3re przegl\u0105dam przed ka\u017cdym wyj\u015bciem na zakupy). Mam mniej dylemat\u00f3w co wybra\u0107 i nie mam w\u0105tpliwo\u015bci czy b\u0119d\u0119 w tym dobrze wygl\u0105da\u0107.<br>Po trzecie: zmiana po sesjach musia\u0142a by\u0107 widoczna, poniewa\u017c sta\u0142am si\u0119 po nich, dla moich nastoletnich&nbsp;c\u00f3rek&nbsp;autorytetem w kwestii dobierania koloru i fasonu.<\/em><\/p>\n\n\n\n<p><em>Prawdopodobnie najwa\u017cniejsze w tym postrzeganiu mnie przez innych by\u0142a zmiana postrzegania mnie przez sama siebie. Naprawd\u0119 by\u0142a to dla mnie fajna przygoda kt\u00f3r\u0105 b\u0119d\u0119 zawsze cieplo wspomina\u0107. Jeszcze raz Agnieszko, bardzo dzi\u0119kuj\u0119 Ci za fantastycznie sp\u0119dzony czas.&nbsp;<\/em>\u201d<\/p>\n\n\n\n<figure class=\"wp-block-image aligncenter size-full\"><img loading=\"lazy\" decoding=\"async\" width=\"940\" height=\"788\" src=\"http:\/\/itsallaboutimage.co.uk\/wp-content\/uploads\/2022\/11\/7.png\" alt=\"\" class=\"wp-image-281\"\/><\/figure>\n\n\n\n<hr class=\"wp-block-separator has-alpha-channel-opacity\"\/>\n\n\n\n<h2 class=\"wp-block-heading\">Historia Marceliny, Gravesend, UK<\/h2>\n\n\n\n<p>\u201c<em>Kiedy przyty\u0142am najnormalniej w \u015bwiecie przesta\u0142am o siebie dba\u0107.<\/em><\/p>\n\n\n\n<p><em>W niczym nie czu\u0142am si\u0119 si\u0119 dobrze wi\u0119c zacz\u0119\u0142am zak\u0142ada\u0107 cokolwiek i to sprawia\u0142o, \u017ce psychicznie czu\u0142am si\u0119 jeszcze gorzej. W kt\u00f3rym\u015b momencie spotka\u0142am kole\u017cank\u0119, kt\u00f3rej nie widzia\u0142am przez jakis czas. Wygl\u0105da\u0142a bardzo korzystnie, inaczej, wi\u0119c powiedzia\u0142am jej, \u017ce \u015bwietnie wygl\u0105da. Kole\u017canka powiedzia\u0142a mi, \u017ce to robota Agnieszki. Pomy\u015bla\u0142am wtedy, \u017ce te\u017c tak chc\u0119. I tak si\u0119 zacz\u0119\u0142a moja przygoda.<\/em><\/p>\n\n\n\n<p><em>Um\u00f3wi\u0142am si\u0119 na sesj\u0119, kt\u00f3ra by\u0142a dla mnie bardzo trudna, poniewa\u017c obna\u017cy\u0142a ona ca\u0142\u0105 mnie. Nie podda\u0142am si\u0119 i dotrwa\u0142am do ko\u0144ca.&nbsp;<\/em><\/p>\n\n\n\n<p><em>Agnieszka przeprowadzi\u0142a mnie przez t\u0119 podr\u00f3\u017c i naprawd\u0119 wiele wnios\u0142a do mojego \u017cycia. Zacz\u0119\u0142am zwraca\u0107 uwag\u0119 na kolory, fasony i zupe\u0142nie inaczej patrz\u0119 na spraw\u0119 ubioru.&nbsp;<br>Agnieszka nauczy\u0142a mnie jak i co kupowa\u0107.<\/em><\/p>\n\n\n\n<p><em>Od mojej metamorfozy min\u0105\u0142 ponad rok i mog\u0119 powiedzie\u0107, \u017ce w mojej szafie jest to, co by\u0107 powinno.<\/em><\/p>\n\n\n\n<p><em>Ja sta\u0142am si\u0119 kobiet\u0105 pewniejsz\u0105 siebie, zdecydowan\u0105 i \u015bwiadom\u0105 swoich wybor\u00f3w.&nbsp; Ciesz\u0119 si\u0119, \u017ce podj\u0119\u0142am wsp\u00f3\u0142prac\u0119 z Agnieszk\u0105, jest profesjonalistk\u0105 w ka\u017cdym tego s\u0142owa znaczeniu.&nbsp; Polecam gor\u0105co ka\u017cdej kobiecie, naprawd\u0119 mo\u017cesz poczu\u0107 si\u0119 pi\u0119knie.\u201d<\/em><\/p>\n\n\n\n<hr class=\"wp-block-separator has-alpha-channel-opacity\"\/>\n\n\n\n<h2 class=\"wp-block-heading\">Historia Valentine, Londyn, UK:<\/h2>\n\n\n\n<p><em>\u201cPo nag\u0142ym zerwaniu d\u0142ugoletniej relacji z moim partnerem, kiedy okaza\u0142o si\u0119, \u017ce nagle zosta\u0142am zn\u00f3w sama wsp\u00f3\u0142praca z Agnieszk\u0105 pozwoli\u0142a mi na nowo odnale\u017a\u0107 poczucie pewno\u015bci siebie. Bardzo du\u017ca wiedza, umiej\u0119tno\u015bci i dostosowane do moich potrzeb sesje pomog\u0142y mi w ponownym odnalezieniu siebie.\u201d<\/em><\/p>\n\n\n\n<hr class=\"wp-block-separator has-alpha-channel-opacity\"\/>\n\n\n\n<h2 class=\"wp-block-heading\">Historia Eweliny, Gravesend, UK:<\/h2>\n\n\n\n<p><em>\u201cKobiety cz\u0119sto maj\u0105 trudno\u015bci z przyjmowaniem porad od innych odno\u015bnie, wygl\u0105du, stylu\u2026 i ja taka te\u017c by\u0142am d\u0142ugo\u2026 uwa\u017ca\u0142am, \u017ce wszystko jest OK.<\/em><\/p>\n\n\n\n<p><em>Ale po urodzeniu drugiego dziecka, figura troch\u0119 si\u0119 zmieni\u0142a, najwygodniejsze by\u0142y dresy, a w\u0142osy z odrostami norma\u2026 i poma\u0142u nie by\u0142o si\u0119 w co ubra\u0107, samopoczucie na parterze\u2026. potrzebowa\u0142am zmiany!<\/em><\/p>\n\n\n\n<p><em>I Aga otworzy\u0142a mi oczy: na kolory, w kt\u00f3rych wygl\u0105dam korzystnie, na sztuk\u0119 dziennego makija\u017cu, kt\u00f3ry ka\u017cda zabiegana mama zrobi w 5 minut przed wyj\u015bciem z domu.<\/em><\/p>\n\n\n\n<p><em>Sesja SZTUKA UBIORU by\u0142a prze\u0142omowa: d\u0142ugie nogi, p\u0142aski ty\u0142ek, brak talii i du\u017cy karmi\u0105cy biust\u2026 i Aga pokaza\u0142a mi jak korzystnie dobra\u0107 fasony, \u017ceby wygl\u0105da\u0107 kobieco i wygodnie!<\/em><\/p>\n\n\n\n<p><em>Dzi\u0119ki jej poradom i wskaz\u00f3wkom posprz\u0105ta\u0142am szaf\u0119, unikam czarnego koloru i mam w ko\u0144cu dopasowane staniki .<\/em><\/p>\n\n\n\n<p><em>Wiedza jak\u0105 mi Aga przekaza\u0142a jest bezcenna. Gor\u0105co polecam.\u201d<\/em><\/p>\n\n\n\n<hr class=\"wp-block-separator has-alpha-channel-opacity\"\/>\n\n\n\n<h2 class=\"wp-block-heading\">Historia Anny B, Gravesend, UK:<\/h2>\n\n\n\n<p>Historia Ani zosta\u0142a opowiedziana w formie rozmowy tutaj: <a href=\"http:\/\/itsallaboutimage.co.uk\/pl\/jestem-stworzona-na-jego-obraz-i-podobienstwo-jak-to-jest-w-praktyce\/\" target=\"_blank\" rel=\"noreferrer noopener\">http:\/\/itsallaboutimage.co.uk\/pl\/jestem-stworzona-na-jego-obraz-i-podobienstwo-jak-to-jest-w-praktyce\/<\/a> , kt\u00f3r\u0105 przeprowadzi\u0142am z ni\u0105 rok p\u00f3\u017aniej po rozpocz\u0119ciu wsp\u00f3\u0142pracy ze mn\u0105 nad jej wizerunkiem.<\/p>\n\n\n\n<p>Tutaj za\u0142\u0105czam kilka zdj\u0119\u0107 przed nasz\u0105 wsp\u00f3\u0142prac\u0105 oraz kilka tych, kt\u00f3re dokumentuj\u0105 jej ko\u0144cowy etap.<\/p>\n\n\n\n<p><strong>Przed:<\/strong><\/p>\n\n\n\n<figure class=\"wp-block-image aligncenter size-full\"><img loading=\"lazy\" decoding=\"async\" width=\"118\" height=\"300\" src=\"http:\/\/itsallaboutimage.co.uk\/wp-content\/uploads\/2022\/11\/ania-kwaity-bluzka-PRZED-118x300-1.jpeg\" alt=\"\" class=\"wp-image-248\"\/><\/figure>\n\n\n\n<p><strong>Po:<\/strong><\/p>\n\n\n\n<figure class=\"wp-block-gallery has-nested-images columns-5 is-cropped wp-block-gallery-1 is-layout-flex wp-block-gallery-is-layout-flex\">\n<figure class=\"wp-block-image size-large\"><img loading=\"lazy\" decoding=\"async\" width=\"291\" height=\"448\" data-id=\"250\" src=\"http:\/\/itsallaboutimage.co.uk\/wp-content\/uploads\/2022\/11\/8-1.jpeg\" alt=\"\" class=\"wp-image-250\"\/><\/figure>\n\n\n\n<figure class=\"wp-block-image size-large\"><img loading=\"lazy\" decoding=\"async\" width=\"196\" height=\"448\" data-id=\"252\" src=\"http:\/\/itsallaboutimage.co.uk\/wp-content\/uploads\/2022\/11\/1-1.jpeg\" alt=\"\" class=\"wp-image-252\"\/><\/figure>\n\n\n\n<figure class=\"wp-block-image size-large\"><img loading=\"lazy\" decoding=\"async\" width=\"210\" height=\"448\" data-id=\"254\" src=\"http:\/\/itsallaboutimage.co.uk\/wp-content\/uploads\/2022\/11\/2-1.jpeg\" alt=\"\" class=\"wp-image-254\"\/><\/figure>\n\n\n\n<figure class=\"wp-block-image size-large\"><img loading=\"lazy\" decoding=\"async\" width=\"203\" height=\"448\" data-id=\"256\" src=\"http:\/\/itsallaboutimage.co.uk\/wp-content\/uploads\/2022\/11\/4-1.jpeg\" alt=\"\" class=\"wp-image-256\"\/><\/figure>\n\n\n\n<figure class=\"wp-block-image size-large\"><img loading=\"lazy\" decoding=\"async\" width=\"202\" height=\"448\" data-id=\"258\" src=\"http:\/\/itsallaboutimage.co.uk\/wp-content\/uploads\/2022\/11\/9-1.jpeg\" alt=\"\" class=\"wp-image-258\"\/><\/figure>\n<\/figure>\n\n\n\n<p>&nbsp;<\/p>\n\n\n\n<hr class=\"wp-block-separator has-alpha-channel-opacity\"\/>\n\n\n\n<h2 class=\"wp-block-heading\">Historia Violetty, Jelenia G\u00f3ra, Polska:<\/h2>\n\n\n\n<p>O do\u015bwiadczeniu Violetty je\u015bli chodzi o wizerunkow\u0105 wsp\u00f3\u0142prac\u0119 ze mn\u0105 (tu na poziomie rodzinnym) mo\u017cna przeczyta\u0107 tutaj:<a href=\"http:\/\/itsallaboutimage.co.uk\/pl\/stylowe-lata-70\/\" target=\"_blank\" rel=\"noreferrer noopener\">http:\/\/itsallaboutimage.co.uk\/pl\/stylowe-lata-70\/<\/a>  do kt\u00f3rej serdecznie zach\u0119cam.<\/p>\n\n\n\n<p>Poni\u017cej przedstawi\u0119 Wam kilka uj\u0119\u0107 wykonanych PRZED mini metamorfoz\u0105 oraz PO.<\/p>\n\n\n\n<p><strong>Przed:<\/strong><\/p>\n\n\n\n<figure class=\"wp-block-image aligncenter size-full\"><img loading=\"lazy\" decoding=\"async\" width=\"180\" height=\"448\" src=\"http:\/\/itsallaboutimage.co.uk\/wp-content\/uploads\/2022\/11\/przed-1-1-1.jpeg\" alt=\"\" class=\"wp-image-264\"\/><\/figure>\n\n\n\n\n\n\n\n<p><strong>Zdj\u0119cia \u201cpo\u201d&nbsp; wykonane pierwszy raz w plenerze.<\/strong><\/p>\n\n\n\n\n\n\n\n<figure class=\"wp-block-gallery has-nested-images columns-4 is-cropped wp-block-gallery-2 is-layout-flex wp-block-gallery-is-layout-flex\">\n<figure class=\"wp-block-image size-large\"><img loading=\"lazy\" decoding=\"async\" width=\"330\" height=\"448\" data-id=\"266\" src=\"http:\/\/itsallaboutimage.co.uk\/wp-content\/uploads\/2022\/11\/roz-zakiet-polowa-2-1.jpeg\" alt=\"\" class=\"wp-image-266\"\/><\/figure>\n\n\n\n<figure class=\"wp-block-image size-large\"><img loading=\"lazy\" decoding=\"async\" width=\"264\" height=\"448\" data-id=\"268\" src=\"http:\/\/itsallaboutimage.co.uk\/wp-content\/uploads\/2022\/11\/rozowy-zakiet-stand-1-2-1.jpeg\" alt=\"\" class=\"wp-image-268\"\/><\/figure>\n\n\n\n<figure class=\"wp-block-image size-large\"><img loading=\"lazy\" decoding=\"async\" width=\"510\" height=\"1440\" data-id=\"270\" src=\"http:\/\/itsallaboutimage.co.uk\/wp-content\/uploads\/2022\/11\/sukienka-4-1-768x2170-2-510x1440.jpeg\" alt=\"\" class=\"wp-image-270\"\/><\/figure>\n\n\n\n<figure class=\"wp-block-image size-large\"><img loading=\"lazy\" decoding=\"async\" width=\"411\" height=\"336\" data-id=\"272\" src=\"http:\/\/itsallaboutimage.co.uk\/wp-content\/uploads\/2022\/11\/balkon-1.jpeg\" alt=\"\" class=\"wp-image-272\"\/><\/figure>\n<\/figure>\n\n\n\n\n<\/div>\n\n\n\n<h2 class=\"wp-block-heading\">Historia Agnieszki M, Larkfield, UK:<\/h2>\n\n\n\n<p>Fragment wypowiedzi Agnieszki publikuj\u0119 poni\u017cej.  Do kr\u00f3tkiej rozmowy oraz zdj\u0119\u0107 z sesji fotograficznej zapraszam do zak\u0142adki blogowej.<\/p>\n\n\n\n<p><em>&#8222;Ten proces wp\u0142yn\u0105\u0142 na moje poczucie pewno\u015bci tak, \u017ce zawsze szybko mog\u0119 si\u0119 odpowiednio ubra\u0107 na ka\u017cd\u0105 okazj\u0119,.<br>Nieustanne wsparcie Agnieszki dodawa\u0142o skrzyde\u0142 w chwilach w\u0105tpliwo\u015bci i zw\u0105tpienia.<br>Ogrom wiedzy i podej\u015bcie Agi pomaga mi nauczy\u0107 si\u0119 nowych nawyk\u00f3w i samej umiej\u0119tnie wybiera\u0107 najlepsze kreacje tak aby zawsze byl to efekt \u201ewow\u201d<\/em><\/p>\n\n\n\n\n\n\n\n\n\n\n\n<figure class=\"wp-block-image aligncenter size-full\"><img loading=\"lazy\" decoding=\"async\" width=\"940\" height=\"788\" src=\"http:\/\/itsallaboutimage.co.uk\/wp-content\/uploads\/2023\/12\/porownanie-canva-2.png\" alt=\"\" class=\"wp-image-557\"\/><\/figure>\n","protected":false},"excerpt":{"rendered":"<p>Bardzo dzi\u0119kuj\u0119 moim nieocenionym klientkom za podzielenie si\u0119 swoim do\u015bwiadczeniem wsp\u00f3\u0142pracy ze mn\u0105. Ka\u017cda podr\u00f3\u017c by\u0142a i jest wyj\u0105tkowym i niepowtarzalnym do\u015bwiadczeniem. Historia Agnieszki, Krak\u00f3w, Polska: \u201dSesje z Agnieszk\u0105, jej wskaz\u00f3wki i pomoc, przynios\u0142y wiele zmian nie tylko w moim stylu ubierania, by\u0142y dla mnie r\u00f3wnie\u017c form\u0105 terapii. Po pierwsze: zacz\u0119\u0142am si\u0119 podoba\u0107 samej sobie&#8230;.<\/p>\n","protected":false},"author":1,"featured_media":0,"parent":0,"menu_order":0,"comment_status":"closed","ping_status":"closed","template":"","meta":{"advgb_blocks_editor_width":"","advgb_blocks_columns_visual_guide":"","footnotes":""},"class_list":["post-277","page","type-page","status-publish","hentry"],"coauthors":[],"author_meta":{"author_link":"https:\/\/itsallaboutimage.co.uk\/pl\/author\/iaai-admin\/","display_name":"Agnes Dyszlewska"},"relative_dates":{"created":"Posted 3 lata ago","modified":"Updated 2 lata ago"},"absolute_dates":{"created":"Posted on 8 listopada, 2022","modified":"Updated on 28 grudnia, 2023"},"absolute_dates_time":{"created":"Posted on 8 listopada, 2022 10:31 am","modified":"Updated on 28 grudnia, 2023 10:37 am"},"featured_img_caption":"","featured_img":false,"series_order":"","_links":{"self":[{"href":"https:\/\/itsallaboutimage.co.uk\/pl\/wp-json\/wp\/v2\/pages\/277","targetHints":{"allow":["GET"]}}],"collection":[{"href":"https:\/\/itsallaboutimage.co.uk\/pl\/wp-json\/wp\/v2\/pages"}],"about":[{"href":"https:\/\/itsallaboutimage.co.uk\/pl\/wp-json\/wp\/v2\/types\/page"}],"author":[{"embeddable":true,"href":"https:\/\/itsallaboutimage.co.uk\/pl\/wp-json\/wp\/v2\/users\/1"}],"replies":[{"embeddable":true,"href":"https:\/\/itsallaboutimage.co.uk\/pl\/wp-json\/wp\/v2\/comments?post=277"}],"version-history":[{"count":10,"href":"https:\/\/itsallaboutimage.co.uk\/pl\/wp-json\/wp\/v2\/pages\/277\/revisions"}],"predecessor-version":[{"id":564,"href":"https:\/\/itsallaboutimage.co.uk\/pl\/wp-json\/wp\/v2\/pages\/277\/revisions\/564"}],"wp:attachment":[{"href":"https:\/\/itsallaboutimage.co.uk\/pl\/wp-json\/wp\/v2\/media?parent=277"}],"curies":[{"name":"wp","href":"https:\/\/api.w.org\/{rel}","templated":true}]}}